{"id":1929,"date":"2021-11-24T00:10:11","date_gmt":"2021-11-24T00:10:11","guid":{"rendered":"https:\/\/d-themes.com\/wordpress\/udesign\/dummy\/health-coach\/?page_id=1929"},"modified":"2023-05-03T16:09:33","modified_gmt":"2023-05-03T13:09:33","slug":"contact-us","status":"publish","type":"page","link":"https:\/\/atakpetfood.com\/tr\/bize-ulasin\/","title":{"rendered":"Bize Ula\u015f\u0131n"},"content":{"rendered":"<div data-elementor-type=\"wp-page\" data-elementor-id=\"1929\" class=\"elementor elementor-1929\">\n\t\t\t\t\t\t\t\t\t<div class=\"elementor-section elementor-top-section elementor-element elementor-element-8c00aff mb-10 elementor-section-boxed elementor-section-height-default elementor-section-height-default\" data-id=\"8c00aff\" data-element_type=\"section\" data-settings=\"{&quot;background_background&quot;:&quot;classic&quot;}\">\r\n\t\t\t\t\t\t\t\t<div class=\"elementor-container elementor-column-gap-no\">\r\n\t\t\t\t\r\n\t\t\t\t\t\t\t\t<div class=\"elementor-column elementor-col-100 elementor-top-column elementor-element elementor-element-7c7b709\" data-id=\"7c7b709\" data-element_type=\"column\">\r\n\r\n\t\t\t\t\r\n\t\t\t\t<div class=\"elementor-widget-wrap elementor-element-populated\">\r\n\t\t\t\t\t\t\t\t\t\t\r\n\t\t\t\t\t\t<div class=\"elementor-section elementor-inner-section elementor-element elementor-element-644fe17 mb-10 elementor-section-boxed elementor-section-height-default elementor-section-height-default\" data-id=\"644fe17\" data-element_type=\"section\" data-settings=\"{&quot;background_background&quot;:&quot;classic&quot;}\">\r\n\t\t\t\t\t\t\t\t<div class=\"elementor-container elementor-column-gap-default\">\r\n\t\t\t\t\r\n\t\t\t\t\t\t\t\t<div class=\"elementor-column elementor-col-50 elementor-inner-column elementor-element elementor-element-c59935b\" data-id=\"c59935b\" data-element_type=\"column\">\r\n\r\n\t\t\t\t\r\n\t\t\t\t<div class=\"elementor-widget-wrap elementor-element-populated\">\r\n\t\t\t\t\t\t\t\t\t\t\r\n\t\t\t\t\t\t<div class=\"elementor-element elementor-element-ca34bcd elementor-widget elementor-widget-heading\" data-id=\"ca34bcd\" data-element_type=\"widget\" data-widget_type=\"heading.default\">\n\t\t\t\t<div class=\"elementor-widget-container\">\n\t\t\t<style>\/*! elementor - v3.12.2 - 23-04-2023 *\/\n.elementor-heading-title{padding:0;margin:0;line-height:1}.elementor-widget-heading .elementor-heading-title[class*=elementor-size-]>a{color:inherit;font-size:inherit;line-height:inherit}.elementor-widget-heading .elementor-heading-title.elementor-size-small{font-size:15px}.elementor-widget-heading .elementor-heading-title.elementor-size-medium{font-size:19px}.elementor-widget-heading .elementor-heading-title.elementor-size-large{font-size:29px}.elementor-widget-heading .elementor-heading-title.elementor-size-xl{font-size:39px}.elementor-widget-heading .elementor-heading-title.elementor-size-xxl{font-size:59px}<\/style><h2 class=\"elementor-heading-title elementor-size-default\">\u0130leti\u015fim bilgileri<\/h2>\t\t<\/div>\n\t\t\t\t<\/div>\n\t\t\t\t<div class=\"elementor-element elementor-element-e151b5c elementor-widget elementor-widget-heading\" data-id=\"e151b5c\" data-element_type=\"widget\" data-widget_type=\"heading.default\">\n\t\t\t\t<div class=\"elementor-widget-container\">\n\t\t\t<p class=\"elementor-heading-title elementor-size-default\">Bizimle temasa ge\u00e7in!<br>\n We'd love to hear from you. Fill out the form below, or email us at info@atakpetfood.com<br> En k\u0131sa s\u00fcrede size geri d\u00f6nece\u011fiz.<\/p>\t\t<\/div>\n\t\t\t\t<\/div>\n\t\t\t\t<div class=\"elementor-element elementor-element-5bf4685 mb-4 cs-icon-box address elementor-widget elementor-widget-udesign_widget_iconbox\" data-id=\"5bf4685\" data-element_type=\"widget\" data-widget_type=\"udesign_widget_iconbox.default\">\n\t\t\t\t<div class=\"elementor-widget-container\">\n\t\t\t<div class=\"icon-box icon-box-side position-left icon-framed shape-circle\"><div class=\"icon-box-feature\"><i class=\"u-icon-map-marker4\"><\/i><\/div><div class=\"icon-box-content\"><h3 class=\"icon-box-title\">Adres<\/h3><p class=\"icon-box-desc\">\u0130n\u00f6n\u00fc Mah.Gebze Plastik\u00e7iler Osb. 3.Cad, No:11 Gebze, Kocaeli, T\u00dcRK\u0130YE<\/p><\/div><\/div>\t\t<\/div>\n\t\t\t\t<\/div>\n\t\t\t\t<div class=\"elementor-element elementor-element-31973ac mb-4 cs-icon-box address elementor-widget elementor-widget-udesign_widget_iconbox\" data-id=\"31973ac\" data-element_type=\"widget\" data-widget_type=\"udesign_widget_iconbox.default\">\n\t\t\t\t<div class=\"elementor-widget-container\">\n\t\t\t<div class=\"icon-box icon-box-side position-left icon-framed shape-circle\"><div class=\"icon-box-feature\"><i class=\"u-icon-phone4\"><\/i><\/div><div class=\"icon-box-content\"><h3 class=\"icon-box-title\">Telefon<\/h3><p class=\"icon-box-desc\"><a href=\"tel:902124012920\">+90 (212) 401 29 20<\/a><\/p><\/div><\/div>\t\t<\/div>\n\t\t\t\t<\/div>\n\t\t\t\t<div class=\"elementor-element elementor-element-57efd39 mb-4 cs-icon-box address elementor-widget elementor-widget-udesign_widget_iconbox\" data-id=\"57efd39\" data-element_type=\"widget\" data-widget_type=\"udesign_widget_iconbox.default\">\n\t\t\t\t<div class=\"elementor-widget-container\">\n\t\t\t<div class=\"icon-box icon-box-side position-left icon-framed shape-circle\"><div class=\"icon-box-feature\"><i class=\"u-icon-envelop3\"><\/i><\/div><div class=\"icon-box-content\"><h3 class=\"icon-box-title\">e-posta<\/h3><p class=\"icon-box-desc\"><a href=\"mailto:info@atakpetfood.com\"  aria-label=\"\u015euraya postala:\">info@atakpetfood.com<\/a><\/p><\/div><\/div>\t\t<\/div>\n\t\t\t\t<\/div>\n\t\t\t\t\t\t<\/div>\r\n\t\t\t\t<\/div>\r\n\t\t\t\t\t\t\t\t\t<div class=\"elementor-column elementor-col-50 elementor-inner-column elementor-element elementor-element-c3e6ceb\" data-id=\"c3e6ceb\" data-element_type=\"column\">\r\n\r\n\t\t\t\t\r\n\t\t\t\t<div class=\"elementor-widget-wrap elementor-element-populated\">\r\n\t\t\t\t\t\t\t\t\t\t\r\n\t\t\t\t\t\t<div class=\"elementor-element elementor-element-6b12ac2 mb-3 elementor-widget elementor-widget-heading\" data-id=\"6b12ac2\" data-element_type=\"widget\" data-widget_type=\"heading.default\">\n\t\t\t\t<div class=\"elementor-widget-container\">\n\t\t\t<h2 class=\"elementor-heading-title elementor-size-default\">Ba\u015flayal\u0131m<\/h2>\t\t<\/div>\n\t\t\t\t<\/div>\n\t\t\t\t<div class=\"elementor-element elementor-element-0c2cf9e mb-5 elementor-widget elementor-widget-heading\" data-id=\"0c2cf9e\" data-element_type=\"widget\" data-widget_type=\"heading.default\">\n\t\t\t\t<div class=\"elementor-widget-container\">\n\t\t\t<p class=\"elementor-heading-title elementor-size-default\">Temasta olmak!<\/p>\t\t<\/div>\n\t\t\t\t<\/div>\n\t\t\t\t<div class=\"elementor-element elementor-element-a066754 cs-wpforms elementor-widget elementor-widget-wpforms\" data-id=\"a066754\" data-element_type=\"widget\" data-widget_type=\"wpforms.default\">\n\t\t\t\t<div class=\"elementor-widget-container\">\n\t\t\t<style id=\"wpforms-css-vars-root\">\n\t\t\t\t:root {\n\t\t\t\t\t--wpforms-field-border-radius: 3px;\n--wpforms-field-background-color: #ffffff;\n--wpforms-field-border-color: rgba( 0, 0, 0, 0.25 );\n--wpforms-field-text-color: rgba( 0, 0, 0, 0.7 );\n--wpforms-label-color: rgba( 0, 0, 0, 0.85 );\n--wpforms-label-sublabel-color: rgba( 0, 0, 0, 0.55 );\n--wpforms-label-error-color: #d63637;\n--wpforms-button-border-radius: 3px;\n--wpforms-button-background-color: #066aab;\n--wpforms-button-text-color: #ffffff;\n--wpforms-field-size-input-height: 43px;\n--wpforms-field-size-input-spacing: 15px;\n--wpforms-field-size-font-size: 16px;\n--wpforms-field-size-line-height: 19px;\n--wpforms-field-size-padding-h: 14px;\n--wpforms-field-size-checkbox-size: 16px;\n--wpforms-field-size-sublabel-spacing: 5px;\n--wpforms-field-size-icon-size: 1;\n--wpforms-label-size-font-size: 16px;\n--wpforms-label-size-line-height: 19px;\n--wpforms-label-size-sublabel-font-size: 14px;\n--wpforms-label-size-sublabel-line-height: 17px;\n--wpforms-button-size-font-size: 17px;\n--wpforms-button-size-height: 41px;\n--wpforms-button-size-padding-h: 15px;\n--wpforms-button-size-margin-top: 10px;\n\n\t\t\t\t}\n\t\t\t<\/style><div class=\"wpforms-container wpforms-container-full wpforms-error-fixed wpforms-render-modern\" id=\"wpforms-606\"><form id=\"wpforms-form-606\" class=\"wpforms-validate wpforms-form\" data-formid=\"606\" method=\"post\" enctype=\"multipart\/form-data\" action=\"\/tr\/wp-json\/wp\/v2\/pages\/1929\" data-token=\"15451c4388a4544f95108138d9abd85c\" data-trp-original-action=\"\/tr\/wp-json\/wp\/v2\/pages\/1929\"><noscript class=\"wpforms-error-noscript\">Bu formu bitirebilmek i\u00e7in taray\u0131c\u0131n\u0131zda JavaScript&#039;i etkinle\u015ftirin.<\/noscript><div class=\"wpforms-hidden\" id=\"wpforms-error-noscript\">Bu formu bitirebilmek i\u00e7in taray\u0131c\u0131n\u0131zda JavaScript&#039;i etkinle\u015ftirin.<\/div><div class=\"wpforms-field-container\"><div id=\"wpforms-606-field_0-container\" class=\"wpforms-field wpforms-field-name\" data-field-id=\"0\"><input type=\"text\" id=\"wpforms-606-field_0\" class=\"wpforms-field-large wpforms-field-required\" name=\"wpforms[fields][0]\" placeholder=\"Ad\u0131n\u0131z\" aria-errormessage=\"wpforms-606-field_0-error\" required><\/div><div id=\"wpforms-606-field_1-container\" class=\"wpforms-field wpforms-field-email\" data-field-id=\"1\"><input type=\"email\" id=\"wpforms-606-field_1\" class=\"wpforms-field-large wpforms-field-required\" name=\"wpforms[fields][1]\" placeholder=\"E-posta Adresiniz\" spellcheck=\"false\" aria-errormessage=\"wpforms-606-field_1-error\" required><\/div><div id=\"wpforms-606-field_2-container\" class=\"wpforms-field wpforms-field-textarea\" data-field-id=\"2\"><textarea id=\"wpforms-606-field_2\" class=\"wpforms-field-medium wpforms-field-required\" name=\"wpforms[fields][2]\" placeholder=\"Mesaj\u0131n\" aria-errormessage=\"wpforms-606-field_2-error\" required><\/textarea><\/div><\/div><!-- .wpforms-field-container --><div class=\"wpforms-submit-container\" ><input type=\"hidden\" name=\"wpforms[id]\" value=\"606\"><input type=\"hidden\" name=\"wpforms[author]\" value=\"1\"><button type=\"submit\" name=\"wpforms[submit]\" id=\"wpforms-submit-606\" class=\"wpforms-submit btn btn-rounded btn-primary w-100\" data-alt-text=\"Sending...\" data-submit-text=\"Send Message\" aria-live=\"assertive\" value=\"wpforms-submit\">Mesaj g\u00f6nder<\/button><\/div><input type=\"hidden\" name=\"trp-form-language\" value=\"tr\"\/><\/form><\/div>  <!-- .wpforms-container -->\t\t<\/div>\n\t\t\t\t<\/div>\n\t\t\t\t\t\t<\/div>\r\n\t\t\t\t<\/div>\r\n\t\t\t\t\t\t\t\t<\/div>\r\n\t\t\t<\/div>\r\n\t\t\t\t\t\t\t<\/div>\r\n\t\t\t\t<\/div>\r\n\t\t\t\t\t\t\t\t<\/div>\r\n\t\t\t<\/div>\r\n\t\t\t\t\t<div class=\"elementor-section elementor-top-section elementor-element elementor-element-94d31d1 elementor-section-full_width elementor-section-height-default elementor-section-height-default\" data-id=\"94d31d1\" data-element_type=\"section\">\r\n\t\t\t\t\t\t\t\t<div class=\"elementor-container elementor-column-gap-no\">\r\n\t\t\t\t\r\n\t\t\t\t\t\t\t\t<div class=\"elementor-column elementor-col-100 elementor-top-column elementor-element elementor-element-70110bf\" data-id=\"70110bf\" data-element_type=\"column\">\r\n\r\n\t\t\t\t\r\n\t\t\t\t<div class=\"elementor-widget-wrap elementor-element-populated\">\r\n\t\t\t\t\t\t\t\t\t\t\r\n\t\t\t\t\t\t<div class=\"elementor-element elementor-element-3f1cdcf elementor-widget elementor-widget-google_maps\" data-id=\"3f1cdcf\" data-element_type=\"widget\" data-widget_type=\"google_maps.default\">\n\t\t\t\t<div class=\"elementor-widget-container\">\n\t\t\t<style>\/*! elementor - v3.12.2 - 23-04-2023 *\/\n.elementor-widget-google_maps .elementor-widget-container{overflow:hidden}.elementor-widget-google_maps .elementor-custom-embed{line-height:0}.elementor-widget-google_maps iframe{height:300px}<\/style>\t\t<div class=\"elementor-custom-embed\">\n\t\t\t<iframe loading=\"lazy\"\n\t\t\t\t\tsrc=\"https:\/\/maps.google.com\/maps?q=Atak%20Evcil%20Hayvan%20Mamalar%C4%B1&#038;t=m&#038;z=14&#038;output=embed&#038;iwloc=near\"\n\t\t\t\t\ttitle=\"Atak Evcil Hayvan Mamalar\u0131\"\n\t\t\t\t\taria-label=\"Atak Evcil Hayvan Mamalar\u0131\"\n\t\t\t><\/iframe>\n\t\t<\/div>\n\t\t\t\t<\/div>\n\t\t\t\t<\/div>\n\t\t\t\t\t\t<\/div>\r\n\t\t\t\t<\/div>\r\n\t\t\t\t\t\t\t\t<\/div>\r\n\t\t\t<\/div>\r\n\t\t\t\t\t\t\t\t<\/div>","protected":false},"excerpt":{"rendered":"<p>Contact Info Get in touch with us! We&#8217;d love to hear from you. Fill out the form below, or email us at info@atakpetfood.com We&#8217;ll get back to you as soon as possible. Address \u0130n\u00f6n\u00fc Mah.Gebze Plastik\u00e7iler Osb. 3.Cad, No:11 Gebze, Kocaeli, T\u00dcRK\u0130YE Phone +90 (212) 401 29 20 E-mail info@atakpetfood.com Let\u2019s Get Started Get in [&hellip;]<\/p>","protected":false},"author":1,"featured_media":0,"parent":0,"menu_order":0,"comment_status":"closed","ping_status":"closed","template":"","meta":{"footnotes":""},"class_list":["post-1929","page","type-page","status-publish","hentry"],"acf":[],"yoast_head":"<!-- This site is optimized with the Yoast SEO plugin v20.8 - https:\/\/yoast.com\/wordpress\/plugins\/seo\/ -->\n<title>Contact Us - Atak Pet Food<\/title>\n<meta name=\"robots\" content=\"index, follow, max-snippet:-1, max-image-preview:large, max-video-preview:-1\" \/>\n<link rel=\"canonical\" href=\"https:\/\/atakpetfood.com\/tr\/bize-ulasin\/\" \/>\n<meta property=\"og:locale\" content=\"tr_TR\" \/>\n<meta property=\"og:type\" content=\"article\" \/>\n<meta property=\"og:title\" content=\"Contact Us - Atak Pet Food\" \/>\n<meta property=\"og:description\" content=\"Contact Info Get in touch with us! We&#8217;d love to hear from you. Fill out the form below, or email us at info@atakpetfood.com We&#8217;ll get back to you as soon as possible. Address \u0130n\u00f6n\u00fc Mah.Gebze Plastik\u00e7iler Osb. 3.Cad, No:11 Gebze, Kocaeli, T\u00dcRK\u0130YE Phone +90 (212) 401 29 20 E-mail info@atakpetfood.com Let\u2019s Get Started Get in [&hellip;]\" \/>\n<meta property=\"og:url\" content=\"https:\/\/atakpetfood.com\/tr\/bize-ulasin\/\" \/>\n<meta property=\"og:site_name\" content=\"Atak Pet Food\" \/>\n<meta property=\"article:modified_time\" content=\"2023-05-03T13:09:33+00:00\" \/>\n<meta name=\"twitter:card\" content=\"summary_large_image\" \/>\n<meta name=\"twitter:label1\" content=\"Tahmini okuma s\u00fcresi\" \/>\n\t<meta name=\"twitter:data1\" content=\"1 dakika\" \/>\n<script type=\"application\/ld+json\" class=\"yoast-schema-graph\">{\"@context\":\"https:\/\/schema.org\",\"@graph\":[{\"@type\":\"WebPage\",\"@id\":\"https:\/\/atakpetfood.com\/contact-us\/\",\"url\":\"https:\/\/atakpetfood.com\/contact-us\/\",\"name\":\"Contact Us - Atak Pet Food\",\"isPartOf\":{\"@id\":\"https:\/\/atakpetfood.com\/#website\"},\"datePublished\":\"2021-11-24T00:10:11+00:00\",\"dateModified\":\"2023-05-03T13:09:33+00:00\",\"breadcrumb\":{\"@id\":\"https:\/\/atakpetfood.com\/contact-us\/#breadcrumb\"},\"inLanguage\":\"tr\",\"potentialAction\":[{\"@type\":\"ReadAction\",\"target\":[\"https:\/\/atakpetfood.com\/contact-us\/\"]}]},{\"@type\":\"BreadcrumbList\",\"@id\":\"https:\/\/atakpetfood.com\/contact-us\/#breadcrumb\",\"itemListElement\":[{\"@type\":\"ListItem\",\"position\":1,\"name\":\"Home\",\"item\":\"https:\/\/atakpetfood.com\/\"},{\"@type\":\"ListItem\",\"position\":2,\"name\":\"Contact Us\"}]},{\"@type\":\"WebSite\",\"@id\":\"https:\/\/atakpetfood.com\/#website\",\"url\":\"https:\/\/atakpetfood.com\/\",\"name\":\"Atak Pet Food\",\"description\":\"Atak Pet Food\",\"publisher\":{\"@id\":\"https:\/\/atakpetfood.com\/#organization\"},\"potentialAction\":[{\"@type\":\"SearchAction\",\"target\":{\"@type\":\"EntryPoint\",\"urlTemplate\":\"https:\/\/atakpetfood.com\/?s={search_term_string}\"},\"query-input\":\"required name=search_term_string\"}],\"inLanguage\":\"tr\"},{\"@type\":\"Organization\",\"@id\":\"https:\/\/atakpetfood.com\/#organization\",\"name\":\"Atak Pet Food\",\"url\":\"https:\/\/atakpetfood.com\/\",\"logo\":{\"@type\":\"ImageObject\",\"inLanguage\":\"tr\",\"@id\":\"https:\/\/atakpetfood.com\/#\/schema\/logo\/image\/\",\"url\":\"https:\/\/atakpetfood.com\/wp-content\/uploads\/2023\/04\/favicon.fw_.png\",\"contentUrl\":\"https:\/\/atakpetfood.com\/wp-content\/uploads\/2023\/04\/favicon.fw_.png\",\"width\":512,\"height\":512,\"caption\":\"Atak Pet Food\"},\"image\":{\"@id\":\"https:\/\/atakpetfood.com\/#\/schema\/logo\/image\/\"}}]}<\/script>\n<!-- \/ Yoast SEO plugin. -->","yoast_head_json":{"title":"Contact Us - Atak Pet Food","robots":{"index":"index","follow":"follow","max-snippet":"max-snippet:-1","max-image-preview":"max-image-preview:large","max-video-preview":"max-video-preview:-1"},"canonical":"https:\/\/atakpetfood.com\/tr\/bize-ulasin\/","og_locale":"tr_TR","og_type":"article","og_title":"Contact Us - Atak Pet Food","og_description":"Contact Info Get in touch with us! We&#8217;d love to hear from you. Fill out the form below, or email us at info@atakpetfood.com We&#8217;ll get back to you as soon as possible. Address \u0130n\u00f6n\u00fc Mah.Gebze Plastik\u00e7iler Osb. 3.Cad, No:11 Gebze, Kocaeli, T\u00dcRK\u0130YE Phone +90 (212) 401 29 20 E-mail info@atakpetfood.com Let\u2019s Get Started Get in [&hellip;]","og_url":"https:\/\/atakpetfood.com\/tr\/bize-ulasin\/","og_site_name":"Atak Pet Food","article_modified_time":"2023-05-03T13:09:33+00:00","twitter_card":"summary_large_image","twitter_misc":{"Tahmini okuma s\u00fcresi":"1 dakika"},"schema":{"@context":"https:\/\/schema.org","@graph":[{"@type":"WebPage","@id":"https:\/\/atakpetfood.com\/contact-us\/","url":"https:\/\/atakpetfood.com\/contact-us\/","name":"Contact Us - Atak Pet Food","isPartOf":{"@id":"https:\/\/atakpetfood.com\/#website"},"datePublished":"2021-11-24T00:10:11+00:00","dateModified":"2023-05-03T13:09:33+00:00","breadcrumb":{"@id":"https:\/\/atakpetfood.com\/contact-us\/#breadcrumb"},"inLanguage":"tr","potentialAction":[{"@type":"ReadAction","target":["https:\/\/atakpetfood.com\/contact-us\/"]}]},{"@type":"BreadcrumbList","@id":"https:\/\/atakpetfood.com\/contact-us\/#breadcrumb","itemListElement":[{"@type":"ListItem","position":1,"name":"Home","item":"https:\/\/atakpetfood.com\/"},{"@type":"ListItem","position":2,"name":"Contact Us"}]},{"@type":"WebSite","@id":"https:\/\/atakpetfood.com\/#website","url":"https:\/\/atakpetfood.com\/","name":"Atak Pet Food","description":"Atak Pet Food","publisher":{"@id":"https:\/\/atakpetfood.com\/#organization"},"potentialAction":[{"@type":"SearchAction","target":{"@type":"EntryPoint","urlTemplate":"https:\/\/atakpetfood.com\/?s={search_term_string}"},"query-input":"required name=search_term_string"}],"inLanguage":"tr"},{"@type":"Organization","@id":"https:\/\/atakpetfood.com\/#organization","name":"Atak Pet Food","url":"https:\/\/atakpetfood.com\/","logo":{"@type":"ImageObject","inLanguage":"tr","@id":"https:\/\/atakpetfood.com\/#\/schema\/logo\/image\/","url":"https:\/\/atakpetfood.com\/wp-content\/uploads\/2023\/04\/favicon.fw_.png","contentUrl":"https:\/\/atakpetfood.com\/wp-content\/uploads\/2023\/04\/favicon.fw_.png","width":512,"height":512,"caption":"Atak Pet Food"},"image":{"@id":"https:\/\/atakpetfood.com\/#\/schema\/logo\/image\/"}}]}},"_links":{"self":[{"href":"https:\/\/atakpetfood.com\/tr\/wp-json\/wp\/v2\/pages\/1929","targetHints":{"allow":["GET"]}}],"collection":[{"href":"https:\/\/atakpetfood.com\/tr\/wp-json\/wp\/v2\/pages"}],"about":[{"href":"https:\/\/atakpetfood.com\/tr\/wp-json\/wp\/v2\/types\/page"}],"author":[{"embeddable":true,"href":"https:\/\/atakpetfood.com\/tr\/wp-json\/wp\/v2\/users\/1"}],"replies":[{"embeddable":true,"href":"https:\/\/atakpetfood.com\/tr\/wp-json\/wp\/v2\/comments?post=1929"}],"version-history":[{"count":12,"href":"https:\/\/atakpetfood.com\/tr\/wp-json\/wp\/v2\/pages\/1929\/revisions"}],"predecessor-version":[{"id":3423,"href":"https:\/\/atakpetfood.com\/tr\/wp-json\/wp\/v2\/pages\/1929\/revisions\/3423"}],"wp:attachment":[{"href":"https:\/\/atakpetfood.com\/tr\/wp-json\/wp\/v2\/media?parent=1929"}],"curies":[{"name":"wp","href":"https:\/\/api.w.org\/{rel}","templated":true}]}}