{"id":3027,"date":"2023-04-17T15:00:37","date_gmt":"2023-04-17T12:00:37","guid":{"rendered":"https:\/\/atakpetfood.com\/?page_id=3027"},"modified":"2023-04-24T17:54:52","modified_gmt":"2023-04-24T14:54:52","slug":"export","status":"publish","type":"page","link":"https:\/\/atakpetfood.com\/tr\/ihracat\/","title":{"rendered":"\u0130hracat"},"content":{"rendered":"<div data-elementor-type=\"wp-page\" data-elementor-id=\"3027\" class=\"elementor elementor-3027\">\n\t\t\t\t\t\t\t\t\t<section class=\"elementor-section elementor-top-section elementor-element elementor-element-c1482f4 elementor-section-boxed elementor-section-height-default elementor-section-height-default\" data-id=\"c1482f4\" data-element_type=\"section\">\r\n\t\t\t\t\t\t\t\t<div class=\"elementor-container elementor-column-gap-default\">\r\n\t\t\t\t\r\n\t\t\t\t\t\t\t\t<div class=\"elementor-column elementor-col-100 elementor-top-column elementor-element elementor-element-7a4430e\" data-id=\"7a4430e\" data-element_type=\"column\">\r\n\r\n\t\t\t\t\r\n\t\t\t\t<div class=\"elementor-widget-wrap elementor-element-populated\">\r\n\t\t\t\t\t\t\t\t\t\t\r\n\t\t\t\t\t\t<div class=\"elementor-element elementor-element-4ff4f6e elementor-widget elementor-widget-image\" data-id=\"4ff4f6e\" data-element_type=\"widget\" data-widget_type=\"image.default\">\n\t\t\t\t<div class=\"elementor-widget-container\">\n\t\t\t<style>\/*! elementor - v3.12.2 - 23-04-2023 *\/\n.elementor-widget-image{text-align:center}.elementor-widget-image a{display:inline-block}.elementor-widget-image a img[src$=\".svg\"]{width:48px}.elementor-widget-image img{vertical-align:middle;display:inline-block}<\/style>\t\t\t\t\t\t\t\t\t\t\t\t<img decoding=\"async\" width=\"4594\" height=\"2366\" src=\"https:\/\/atakpetfood.com\/wp-content\/uploads\/2023\/04\/Atak-World-Map.png\" class=\"attachment-full size-full wp-image-3029\" alt=\"\" srcset=\"https:\/\/atakpetfood.com\/wp-content\/uploads\/2023\/04\/Atak-World-Map.png 4594w, https:\/\/atakpetfood.com\/wp-content\/uploads\/2023\/04\/Atak-World-Map-1024x527.png 1024w, https:\/\/atakpetfood.com\/wp-content\/uploads\/2023\/04\/Atak-World-Map-768x396.png 768w, https:\/\/atakpetfood.com\/wp-content\/uploads\/2023\/04\/Atak-World-Map-1536x791.png 1536w, https:\/\/atakpetfood.com\/wp-content\/uploads\/2023\/04\/Atak-World-Map-2048x1055.png 2048w, https:\/\/atakpetfood.com\/wp-content\/uploads\/2023\/04\/Atak-World-Map-600x309.png 600w\" sizes=\"(max-width: 4594px) 100vw, 4594px\" \/>\t\t\t\t\t\t\t\t\t\t\t\t\t\t\t<\/div>\n\t\t\t\t<\/div>\n\t\t\t\t\t\t<\/div>\r\n\t\t\t\t<\/div>\r\n\t\t\t\t\t\t\t\t<\/div>\r\n\t\t\t<\/section>\r\n\t\t\t\t\t<section class=\"elementor-section elementor-top-section elementor-element elementor-element-8fc59cd elementor-section-boxed elementor-section-height-default elementor-section-height-default\" data-id=\"8fc59cd\" data-element_type=\"section\">\r\n\t\t\t\t\t\t\t\t<div class=\"elementor-container elementor-column-gap-default\">\r\n\t\t\t\t\r\n\t\t\t\t\t\t\t\t<div class=\"elementor-column elementor-col-50 elementor-top-column elementor-element elementor-element-51965d2\" data-id=\"51965d2\" data-element_type=\"column\">\r\n\r\n\t\t\t\t\r\n\t\t\t\t<div class=\"elementor-widget-wrap elementor-element-populated\">\r\n\t\t\t\t\t\t\t\t\t\t\r\n\t\t\t\t\t\t<div class=\"elementor-element elementor-element-7e261cc elementor-widget elementor-widget-text-editor\" data-id=\"7e261cc\" data-element_type=\"widget\" data-widget_type=\"text-editor.default\">\n\t\t\t\t<div class=\"elementor-widget-container\">\n\t\t\t<style>\/*! elementor - v3.12.2 - 23-04-2023 *\/\n.elementor-widget-text-editor.elementor-drop-cap-view-stacked .elementor-drop-cap{background-color:#69727d;color:#fff}.elementor-widget-text-editor.elementor-drop-cap-view-framed .elementor-drop-cap{color:#69727d;border:3px solid;background-color:transparent}.elementor-widget-text-editor:not(.elementor-drop-cap-view-default) .elementor-drop-cap{margin-top:8px}.elementor-widget-text-editor:not(.elementor-drop-cap-view-default) .elementor-drop-cap-letter{width:1em;height:1em}.elementor-widget-text-editor .elementor-drop-cap{float:left;text-align:center;line-height:1;font-size:50px}.elementor-widget-text-editor .elementor-drop-cap-letter{display:inline-block}<\/style>\t\t\t\t<p>Atak Pet Food olarak, d\u00fcnya \u00e7ap\u0131ndaki evcil hayvan sahiplerinin ihtiya\u00e7lar\u0131n\u0131 kar\u015f\u0131lamak i\u00e7in y\u00fcksek kaliteli evcil hayvan mamas\u0131 \u00fcr\u00fcnleri sa\u011flaman\u0131n \u00f6nemini anl\u0131yoruz. Ola\u011fan\u00fcst\u00fc hizmet ve destek taahh\u00fcd\u00fcm\u00fcz, sahip oldu\u011fumuz FDA, USDA, ISO 9001, ISO 22000, HACCP ve FSCC onaylar\u0131 dahil olmak \u00fczere sahip oldu\u011fumuz \u00e7ok say\u0131da sertifikaya yans\u0131r.<\/p><p>Evcil hayvan mamas\u0131 kanal\u0131 uzmanlar\u0131 olarak, ki\u015fiye \u00f6zel \u00e7\u00f6z\u00fcmler sunarak ve g\u00fcven ve \u015feffafl\u0131\u011fa dayal\u0131 g\u00fc\u00e7l\u00fc, uzun s\u00fcreli ortakl\u0131klar kurarak geleneksel evcil hayvan mamas\u0131 \u00fcretiminin \u00f6tesine ge\u00e7iyoruz. Evcil hayvan mamas\u0131 uzmanlar\u0131ndan olu\u015fan uluslararas\u0131 ekibimiz, \u00f6zel ihtiya\u00e7lar\u0131n\u0131 anlamak ve benzersiz gereksinimlerini kar\u015f\u0131lamak i\u00e7in \u00f6zelle\u015ftirilmi\u015f eksiksiz bir hizmet paketi sa\u011flamak i\u00e7in m\u00fc\u015fterilerimizle yak\u0131n bir \u015fekilde \u00e7al\u0131\u015f\u0131r.<\/p><p>\u0130ster yeni ba\u015fl\u0131yor olun, ister evcil hayvan mamas\u0131 end\u00fcstrisinde yerle\u015fik bir i\u015fletme olun, ba\u015far\u0131n\u0131z\u0131 garanti alt\u0131na almak i\u00e7in yolun her ad\u0131m\u0131nda sizinle birlikte \u00e7al\u0131\u015fmaya kararl\u0131y\u0131z. Fikir a\u015famas\u0131ndan nihai \u00fcr\u00fcn teslimine kadar, i\u015fletmenizin geli\u015fmesine yard\u0131mc\u0131 olmak i\u00e7in tasarlanm\u0131\u015f kapsaml\u0131 bir hizmet paketi sunuyoruz. Evcil hayvan mamas\u0131 end\u00fcstrisindeki hedeflerinize ula\u015fman\u0131za nas\u0131l yard\u0131mc\u0131 olabilece\u011fimiz hakk\u0131nda daha fazla bilgi edinmek i\u00e7in bug\u00fcn bize ula\u015f\u0131n.<\/p>\t\t\t\t\t\t<\/div>\n\t\t\t\t<\/div>\n\t\t\t\t\t\t<\/div>\r\n\t\t\t\t<\/div>\r\n\t\t\t\t\t\t\t\t\t<div class=\"elementor-column elementor-col-50 elementor-top-column elementor-element elementor-element-82d0611\" data-id=\"82d0611\" data-element_type=\"column\">\r\n\r\n\t\t\t\t\r\n\t\t\t\t<div class=\"elementor-widget-wrap elementor-element-populated\">\r\n\t\t\t\t\t\t\t\t\t\t\r\n\t\t\t\t\t\t<div class=\"elementor-element elementor-element-1cfe219 elementor-widget elementor-widget-heading\" data-id=\"1cfe219\" data-element_type=\"widget\" data-widget_type=\"heading.default\">\n\t\t\t\t<div class=\"elementor-widget-container\">\n\t\t\t<style>\/*! elementor - v3.12.2 - 23-04-2023 *\/\n.elementor-heading-title{padding:0;margin:0;line-height:1}.elementor-widget-heading .elementor-heading-title[class*=elementor-size-]>a{color:inherit;font-size:inherit;line-height:inherit}.elementor-widget-heading .elementor-heading-title.elementor-size-small{font-size:15px}.elementor-widget-heading .elementor-heading-title.elementor-size-medium{font-size:19px}.elementor-widget-heading .elementor-heading-title.elementor-size-large{font-size:29px}.elementor-widget-heading .elementor-heading-title.elementor-size-xl{font-size:39px}.elementor-widget-heading .elementor-heading-title.elementor-size-xxl{font-size:59px}<\/style><h2 class=\"elementor-heading-title elementor-size-default\">\u0130hracat \u00dclkeleri<\/h2>\t\t<\/div>\n\t\t\t\t<\/div>\n\t\t\t\t<section class=\"elementor-section elementor-inner-section elementor-element elementor-element-4b08603 elementor-section-boxed elementor-section-height-default elementor-section-height-default\" data-id=\"4b08603\" data-element_type=\"section\">\r\n\t\t\t\t\t\t\t\t<div class=\"elementor-container elementor-column-gap-default\">\r\n\t\t\t\t\r\n\t\t\t\t\t\t\t\t<div class=\"elementor-column elementor-col-50 elementor-inner-column elementor-element elementor-element-627e946\" data-id=\"627e946\" data-element_type=\"column\">\r\n\r\n\t\t\t\t\r\n\t\t\t\t<div class=\"elementor-widget-wrap elementor-element-populated\">\r\n\t\t\t\t\t\t\t\t\t\t\r\n\t\t\t\t\t\t<div class=\"elementor-element elementor-element-157cb43 elementor-widget elementor-widget-text-editor\" data-id=\"157cb43\" data-element_type=\"widget\" data-widget_type=\"text-editor.default\">\n\t\t\t\t<div class=\"elementor-widget-container\">\n\t\t\t\t\t\t\t<ul><li>Amerika Birle\u015fik Devletleri<\/li><li>\u015eili<\/li><li>Trinidad ve Tobago<\/li><li>Birle\u015fik Krall\u0131k<\/li><li>\u0130rlanda<\/li><li>Man Adas\u0131<\/li><li>Fransa<\/li><li>ispanya<\/li><li>\u0130sve\u00e7<\/li><li>\u0130talya<\/li><li>Malta<\/li><li>Litvanya<\/li><li>Letonya<\/li><li>H\u0131rvatistan<\/li><li>S\u0131rbistan<\/li><li>Bulgaristan<\/li><li>Yunanistan\u00a0<\/li><li>Sri Lanka<\/li><li>Maldivler<\/li><li>Malezya<\/li><li>Tayvan<\/li><\/ul>\t\t\t\t\t\t<\/div>\n\t\t\t\t<\/div>\n\t\t\t\t\t\t<\/div>\r\n\t\t\t\t<\/div>\r\n\t\t\t\t\t\t\t\t\t<div class=\"elementor-column elementor-col-50 elementor-inner-column elementor-element elementor-element-d2bacc1\" data-id=\"d2bacc1\" data-element_type=\"column\">\r\n\r\n\t\t\t\t\r\n\t\t\t\t<div class=\"elementor-widget-wrap elementor-element-populated\">\r\n\t\t\t\t\t\t\t\t\t\t\r\n\t\t\t\t\t\t<div class=\"elementor-element elementor-element-bed78e1 elementor-widget elementor-widget-text-editor\" data-id=\"bed78e1\" data-element_type=\"widget\" data-widget_type=\"text-editor.default\">\n\t\t\t\t<div class=\"elementor-widget-container\">\n\t\t\t\t\t\t\t<ul><li>Fas<\/li><li>Tunus<\/li><li>Libya<\/li><li>M\u0131s\u0131r<\/li><li>Gana<\/li><li>Nijerya<\/li><li>\u0130srail<\/li><li>Filistin<\/li><li>Kuzey K\u0131br\u0131s<\/li><li>Irak<\/li><li>Suudi Arabistan<\/li><li>Birle\u015fik Arap Emirlikleri<\/li><li>Umman<\/li><li>G\u00fcrcistan<\/li><li>Azerbaycan<\/li><li>Kazakistan<\/li><li>\u00d6zbekistan<\/li><li>K\u0131rg\u0131zistan<\/li><li>Tayland<\/li><li>Filipinler<\/li><li>Brunei<\/li><li>Endonezya<\/li><\/ul>\t\t\t\t\t\t<\/div>\n\t\t\t\t<\/div>\n\t\t\t\t\t\t<\/div>\r\n\t\t\t\t<\/div>\r\n\t\t\t\t\t\t\t\t<\/div>\r\n\t\t\t<\/section>\r\n\t\t\t\t\t\t\t<\/div>\r\n\t\t\t\t<\/div>\r\n\t\t\t\t\t\t\t\t<\/div>\r\n\t\t\t<\/section>\r\n\t\t\t\t\t<section class=\"elementor-section elementor-top-section elementor-element elementor-element-a0955e6 elementor-section-boxed elementor-section-height-default elementor-section-height-default\" data-id=\"a0955e6\" data-element_type=\"section\">\r\n\t\t\t\t\t\t\t\t<div class=\"elementor-container elementor-column-gap-default\">\r\n\t\t\t\t\r\n\t\t\t\t\t\t\t\t<div class=\"elementor-column elementor-col-100 elementor-top-column elementor-element elementor-element-1d6f362\" data-id=\"1d6f362\" data-element_type=\"column\">\r\n\r\n\t\t\t\t\r\n\t\t\t\t<div class=\"elementor-widget-wrap elementor-element-populated\">\r\n\t\t\t\t\t\t\t\t\t\t\r\n\t\t\t\t\t\t<div class=\"elementor-element elementor-element-0e080ba elementor-widget elementor-widget-image\" data-id=\"0e080ba\" data-element_type=\"widget\" data-widget_type=\"image.default\">\n\t\t\t\t<div class=\"elementor-widget-container\">\n\t\t\t\t\t\t\t\t\t\t\t\t\t\t\t<img decoding=\"async\" width=\"1024\" height=\"75\" src=\"https:\/\/atakpetfood.com\/wp-content\/uploads\/2021\/10\/Sertifikalar2-1024x75.png\" class=\"attachment-large size-large wp-image-3298\" alt=\"\" srcset=\"https:\/\/atakpetfood.com\/wp-content\/uploads\/2021\/10\/Sertifikalar2-1024x75.png 1024w, https:\/\/atakpetfood.com\/wp-content\/uploads\/2021\/10\/Sertifikalar2-768x56.png 768w, https:\/\/atakpetfood.com\/wp-content\/uploads\/2021\/10\/Sertifikalar2-600x44.png 600w\" sizes=\"(max-width: 1024px) 100vw, 1024px\" \/>\t\t\t\t\t\t\t\t\t\t\t\t\t\t\t<\/div>\n\t\t\t\t<\/div>\n\t\t\t\t\t\t<\/div>\r\n\t\t\t\t<\/div>\r\n\t\t\t\t\t\t\t\t<\/div>\r\n\t\t\t<\/section>\r\n\t\t\t\t\t\t\t\t<\/div>","protected":false},"excerpt":{"rendered":"<p>At Atak Pet Food, we understand the importance of providing high-quality pet food products to meet the needs of pet owners worldwide. Our commitment to exceptional service and support is reflected in the numerous certifications we hold, including FDA, USDA, ISO 9001, ISO 22000, HACCP, and FSCC approvals. As pet food channel specialists, we go [&hellip;]<\/p>","protected":false},"author":1,"featured_media":0,"parent":0,"menu_order":0,"comment_status":"closed","ping_status":"closed","template":"","meta":{"footnotes":""},"class_list":["post-3027","page","type-page","status-publish","hentry"],"acf":[],"yoast_head":"<!-- This site is optimized with the Yoast SEO plugin v20.8 - https:\/\/yoast.com\/wordpress\/plugins\/seo\/ -->\n<title>Export - Atak Pet Food<\/title>\n<meta name=\"robots\" content=\"index, follow, max-snippet:-1, max-image-preview:large, max-video-preview:-1\" \/>\n<link rel=\"canonical\" href=\"https:\/\/atakpetfood.com\/tr\/ihracat\/\" \/>\n<meta property=\"og:locale\" content=\"tr_TR\" \/>\n<meta property=\"og:type\" content=\"article\" \/>\n<meta property=\"og:title\" content=\"Export - Atak Pet Food\" \/>\n<meta property=\"og:description\" content=\"At Atak Pet Food, we understand the importance of providing high-quality pet food products to meet the needs of pet owners worldwide. Our commitment to exceptional service and support is reflected in the numerous certifications we hold, including FDA, USDA, ISO 9001, ISO 22000, HACCP, and FSCC approvals. As pet food channel specialists, we go [&hellip;]\" \/>\n<meta property=\"og:url\" content=\"https:\/\/atakpetfood.com\/tr\/ihracat\/\" \/>\n<meta property=\"og:site_name\" content=\"Atak Pet Food\" \/>\n<meta property=\"article:modified_time\" content=\"2023-04-24T14:54:52+00:00\" \/>\n<meta property=\"og:image\" content=\"https:\/\/atakpetfood.com\/wp-content\/uploads\/2023\/04\/Atak-World-Map.png\" \/>\n<meta name=\"twitter:card\" content=\"summary_large_image\" \/>\n<meta name=\"twitter:label1\" content=\"Tahmini okuma s\u00fcresi\" \/>\n\t<meta name=\"twitter:data1\" content=\"1 dakika\" \/>\n<script type=\"application\/ld+json\" class=\"yoast-schema-graph\">{\"@context\":\"https:\/\/schema.org\",\"@graph\":[{\"@type\":\"WebPage\",\"@id\":\"https:\/\/atakpetfood.com\/tr\/ihracat\/\",\"url\":\"https:\/\/atakpetfood.com\/tr\/ihracat\/\",\"name\":\"Export - Atak Pet Food\",\"isPartOf\":{\"@id\":\"https:\/\/atakpetfood.com\/#website\"},\"datePublished\":\"2023-04-17T12:00:37+00:00\",\"dateModified\":\"2023-04-24T14:54:52+00:00\",\"breadcrumb\":{\"@id\":\"https:\/\/atakpetfood.com\/tr\/ihracat\/#breadcrumb\"},\"inLanguage\":\"tr\",\"potentialAction\":[{\"@type\":\"ReadAction\",\"target\":[\"https:\/\/atakpetfood.com\/tr\/ihracat\/\"]}]},{\"@type\":\"BreadcrumbList\",\"@id\":\"https:\/\/atakpetfood.com\/tr\/ihracat\/#breadcrumb\",\"itemListElement\":[{\"@type\":\"ListItem\",\"position\":1,\"name\":\"Home\",\"item\":\"https:\/\/atakpetfood.com\/\"},{\"@type\":\"ListItem\",\"position\":2,\"name\":\"Export\"}]},{\"@type\":\"WebSite\",\"@id\":\"https:\/\/atakpetfood.com\/#website\",\"url\":\"https:\/\/atakpetfood.com\/\",\"name\":\"Atak Pet Food\",\"description\":\"Atak Pet Food\",\"publisher\":{\"@id\":\"https:\/\/atakpetfood.com\/#organization\"},\"potentialAction\":[{\"@type\":\"SearchAction\",\"target\":{\"@type\":\"EntryPoint\",\"urlTemplate\":\"https:\/\/atakpetfood.com\/?s={search_term_string}\"},\"query-input\":\"required name=search_term_string\"}],\"inLanguage\":\"tr\"},{\"@type\":\"Organization\",\"@id\":\"https:\/\/atakpetfood.com\/#organization\",\"name\":\"Atak Pet Food\",\"url\":\"https:\/\/atakpetfood.com\/\",\"logo\":{\"@type\":\"ImageObject\",\"inLanguage\":\"tr\",\"@id\":\"https:\/\/atakpetfood.com\/#\/schema\/logo\/image\/\",\"url\":\"https:\/\/atakpetfood.com\/wp-content\/uploads\/2023\/04\/favicon.fw_.png\",\"contentUrl\":\"https:\/\/atakpetfood.com\/wp-content\/uploads\/2023\/04\/favicon.fw_.png\",\"width\":512,\"height\":512,\"caption\":\"Atak Pet Food\"},\"image\":{\"@id\":\"https:\/\/atakpetfood.com\/#\/schema\/logo\/image\/\"}}]}<\/script>\n<!-- \/ Yoast SEO plugin. -->","yoast_head_json":{"title":"Export - Atak Pet Food","robots":{"index":"index","follow":"follow","max-snippet":"max-snippet:-1","max-image-preview":"max-image-preview:large","max-video-preview":"max-video-preview:-1"},"canonical":"https:\/\/atakpetfood.com\/tr\/ihracat\/","og_locale":"tr_TR","og_type":"article","og_title":"Export - Atak Pet Food","og_description":"At Atak Pet Food, we understand the importance of providing high-quality pet food products to meet the needs of pet owners worldwide. Our commitment to exceptional service and support is reflected in the numerous certifications we hold, including FDA, USDA, ISO 9001, ISO 22000, HACCP, and FSCC approvals. As pet food channel specialists, we go [&hellip;]","og_url":"https:\/\/atakpetfood.com\/tr\/ihracat\/","og_site_name":"Atak Pet Food","article_modified_time":"2023-04-24T14:54:52+00:00","og_image":[{"url":"https:\/\/atakpetfood.com\/wp-content\/uploads\/2023\/04\/Atak-World-Map.png"}],"twitter_card":"summary_large_image","twitter_misc":{"Tahmini okuma s\u00fcresi":"1 dakika"},"schema":{"@context":"https:\/\/schema.org","@graph":[{"@type":"WebPage","@id":"https:\/\/atakpetfood.com\/tr\/ihracat\/","url":"https:\/\/atakpetfood.com\/tr\/ihracat\/","name":"Export - Atak Pet Food","isPartOf":{"@id":"https:\/\/atakpetfood.com\/#website"},"datePublished":"2023-04-17T12:00:37+00:00","dateModified":"2023-04-24T14:54:52+00:00","breadcrumb":{"@id":"https:\/\/atakpetfood.com\/tr\/ihracat\/#breadcrumb"},"inLanguage":"tr","potentialAction":[{"@type":"ReadAction","target":["https:\/\/atakpetfood.com\/tr\/ihracat\/"]}]},{"@type":"BreadcrumbList","@id":"https:\/\/atakpetfood.com\/tr\/ihracat\/#breadcrumb","itemListElement":[{"@type":"ListItem","position":1,"name":"Home","item":"https:\/\/atakpetfood.com\/"},{"@type":"ListItem","position":2,"name":"Export"}]},{"@type":"WebSite","@id":"https:\/\/atakpetfood.com\/#website","url":"https:\/\/atakpetfood.com\/","name":"Atak Pet Food","description":"Atak Pet Food","publisher":{"@id":"https:\/\/atakpetfood.com\/#organization"},"potentialAction":[{"@type":"SearchAction","target":{"@type":"EntryPoint","urlTemplate":"https:\/\/atakpetfood.com\/?s={search_term_string}"},"query-input":"required name=search_term_string"}],"inLanguage":"tr"},{"@type":"Organization","@id":"https:\/\/atakpetfood.com\/#organization","name":"Atak Pet Food","url":"https:\/\/atakpetfood.com\/","logo":{"@type":"ImageObject","inLanguage":"tr","@id":"https:\/\/atakpetfood.com\/#\/schema\/logo\/image\/","url":"https:\/\/atakpetfood.com\/wp-content\/uploads\/2023\/04\/favicon.fw_.png","contentUrl":"https:\/\/atakpetfood.com\/wp-content\/uploads\/2023\/04\/favicon.fw_.png","width":512,"height":512,"caption":"Atak Pet Food"},"image":{"@id":"https:\/\/atakpetfood.com\/#\/schema\/logo\/image\/"}}]}},"_links":{"self":[{"href":"https:\/\/atakpetfood.com\/tr\/wp-json\/wp\/v2\/pages\/3027","targetHints":{"allow":["GET"]}}],"collection":[{"href":"https:\/\/atakpetfood.com\/tr\/wp-json\/wp\/v2\/pages"}],"about":[{"href":"https:\/\/atakpetfood.com\/tr\/wp-json\/wp\/v2\/types\/page"}],"author":[{"embeddable":true,"href":"https:\/\/atakpetfood.com\/tr\/wp-json\/wp\/v2\/users\/1"}],"replies":[{"embeddable":true,"href":"https:\/\/atakpetfood.com\/tr\/wp-json\/wp\/v2\/comments?post=3027"}],"version-history":[{"count":16,"href":"https:\/\/atakpetfood.com\/tr\/wp-json\/wp\/v2\/pages\/3027\/revisions"}],"predecessor-version":[{"id":3301,"href":"https:\/\/atakpetfood.com\/tr\/wp-json\/wp\/v2\/pages\/3027\/revisions\/3301"}],"wp:attachment":[{"href":"https:\/\/atakpetfood.com\/tr\/wp-json\/wp\/v2\/media?parent=3027"}],"curies":[{"name":"wp","href":"https:\/\/api.w.org\/{rel}","templated":true}]}}