{"id":3033,"date":"2023-04-17T15:10:23","date_gmt":"2023-04-17T12:10:23","guid":{"rendered":"https:\/\/atakpetfood.com\/?page_id=3033"},"modified":"2023-04-18T14:52:20","modified_gmt":"2023-04-18T11:52:20","slug":"our-goals","status":"publish","type":"page","link":"https:\/\/atakpetfood.com\/tr\/hedeflerimiz\/","title":{"rendered":"Hedeflerimiz"},"content":{"rendered":"<div data-elementor-type=\"wp-page\" data-elementor-id=\"3033\" class=\"elementor elementor-3033\">\n\t\t\t\t\t\t\t\t\t<section class=\"elementor-section elementor-top-section elementor-element elementor-element-7472861 elementor-section-boxed elementor-section-height-default elementor-section-height-default\" data-id=\"7472861\" data-element_type=\"section\">\r\n\t\t\t\t\t\t\t\t<div class=\"elementor-container elementor-column-gap-default\">\r\n\t\t\t\t\r\n\t\t\t\t\t\t\t\t<div class=\"elementor-column elementor-col-100 elementor-top-column elementor-element elementor-element-7a719a8\" data-id=\"7a719a8\" data-element_type=\"column\">\r\n\r\n\t\t\t\t\r\n\t\t\t\t<div class=\"elementor-widget-wrap elementor-element-populated\">\r\n\t\t\t\t\t\t\t\t\t\t\r\n\t\t\t\t\t\t<div class=\"elementor-element elementor-element-50a6e38 elementor-widget elementor-widget-image\" data-id=\"50a6e38\" data-element_type=\"widget\" data-widget_type=\"image.default\">\n\t\t\t\t<div class=\"elementor-widget-container\">\n\t\t\t<style>\/*! elementor - v3.12.2 - 23-04-2023 *\/\n.elementor-widget-image{text-align:center}.elementor-widget-image a{display:inline-block}.elementor-widget-image a img[src$=\".svg\"]{width:48px}.elementor-widget-image img{vertical-align:middle;display:inline-block}<\/style>\t\t\t\t\t\t\t\t\t\t\t\t<img decoding=\"async\" width=\"1024\" height=\"576\" src=\"https:\/\/atakpetfood.com\/wp-content\/uploads\/2023\/04\/Our-mission-1024x576.jpg\" class=\"attachment-large size-large wp-image-3113\" alt=\"\" srcset=\"https:\/\/atakpetfood.com\/wp-content\/uploads\/2023\/04\/Our-mission-1024x576.jpg 1024w, https:\/\/atakpetfood.com\/wp-content\/uploads\/2023\/04\/Our-mission-768x432.jpg 768w, https:\/\/atakpetfood.com\/wp-content\/uploads\/2023\/04\/Our-mission-780x440.jpg 780w, https:\/\/atakpetfood.com\/wp-content\/uploads\/2023\/04\/Our-mission-390x220.jpg 390w, https:\/\/atakpetfood.com\/wp-content\/uploads\/2023\/04\/Our-mission-350x197.jpg 350w, https:\/\/atakpetfood.com\/wp-content\/uploads\/2023\/04\/Our-mission-600x338.jpg 600w\" sizes=\"(max-width: 1024px) 100vw, 1024px\" \/>\t\t\t\t\t\t\t\t\t\t\t\t\t\t\t<\/div>\n\t\t\t\t<\/div>\n\t\t\t\t<div class=\"elementor-element elementor-element-93edfdb elementor-widget elementor-widget-text-editor\" data-id=\"93edfdb\" data-element_type=\"widget\" data-widget_type=\"text-editor.default\">\n\t\t\t\t<div class=\"elementor-widget-container\">\n\t\t\t<style>\/*! elementor - v3.12.2 - 23-04-2023 *\/\n.elementor-widget-text-editor.elementor-drop-cap-view-stacked .elementor-drop-cap{background-color:#69727d;color:#fff}.elementor-widget-text-editor.elementor-drop-cap-view-framed .elementor-drop-cap{color:#69727d;border:3px solid;background-color:transparent}.elementor-widget-text-editor:not(.elementor-drop-cap-view-default) .elementor-drop-cap{margin-top:8px}.elementor-widget-text-editor:not(.elementor-drop-cap-view-default) .elementor-drop-cap-letter{width:1em;height:1em}.elementor-widget-text-editor .elementor-drop-cap{float:left;text-align:center;line-height:1;font-size:50px}.elementor-widget-text-editor .elementor-drop-cap-letter{display:inline-block}<\/style>\t\t\t\t<ul>\n<li>K\u00f6pek ve kedilerin ihtiya\u00e7lar\u0131n\u0131 kar\u015f\u0131layan uygun \u00fcr\u00fcnlerle beslenmelerini sa\u011flamak.<\/li>\n<li>Bir evcil hayvan\u0131n b\u00fcy\u00fcmesinin her a\u015famas\u0131na uygun \u00f6zelle\u015ftirilmi\u015f \u00fcr\u00fcnler sa\u011flamak.<\/li>\n<li>Kat\u0131 beslenme standartlar\u0131n\u0131 kar\u015f\u0131layan y\u00fcksek kaliteli evcil hayvan yemi \u00fcretmek.<\/li>\n<li>Hammaddelerin al\u0131nmas\u0131ndan i\u00e7 i\u015flemeye ve nihai tedarike kadar s\u0131k\u0131 kalite kontrol\nstandartlar\u0131n\u0131n uygulanmas\u0131.<\/li>\n<li>S\u00fcrekli yeni \u00fcr\u00fcn ara\u015ft\u0131rma ve geli\u015ftirme \u00e7al\u0131\u015fmalar\u0131 yapmak.<\/li>\n<li>T\u00fcketicilerle \u015feffafl\u0131\u011f\u0131 s\u00fcrd\u00fcrmek.<\/li>\n<li>Yayg\u0131n bir ticari a\u011f, m\u00fc\u015fteri hizmetleri mevcudiyeti ve uzman veteriner beslenme\nuzmanlar\u0131ndan yard\u0131m alarak sorumlulu\u011fu te\u015fvik etmek ve t\u00fcketici gereksinimlerini ve\nbeklentilerini kar\u015f\u0131lamak.<\/li>\n<li>Kas\u0131tl\u0131 bula\u015fma kaynaklar\u0131n\u0131 belirlemek, bula\u015fmay\u0131 azaltmak ve izlemek i\u00e7in G\u0131da Savunma Plan\u0131n\u0131 benimsemek ve izlemek.<\/li>\n<li>Doland\u0131r\u0131c\u0131l\u0131\u011f\u0131 ve \u00fcr\u00fcn ta\u011f\u015fi\u015fini \u00f6nleyen bir y\u00f6netim sistemi arac\u0131l\u0131\u011f\u0131yla \u00fcr\u00fcnlerin orijinalli\u011fini\nsa\u011flamak.<\/li>\n<li>Fabrikalarda ve \u015firket alanlar\u0131nda y\u00fcksek standartlarda temizlik ve kontrol sa\u011flamak.<\/li>\n<li>Ulusal ve uluslararas\u0131 d\u00fczenleyici h\u00fck\u00fcmlere uymak.<\/li>\n<li>\u00c7evresel ve enerji etkilerini azaltarak ve kendi \u00fcretti\u011fi do\u011fal enerji kaynaklar\u0131n\u0131 kullanarak\n\u00e7evreyi korumak ve enerji tasarrufu yapmak.<\/li>\n<li>Uygun organizasyon ve yeterli teknolojik kaynaklar arac\u0131l\u0131\u011f\u0131yla i\u015fyerinde personelin sa\u011fl\u0131\u011f\u0131n\u0131 korumak i\u00e7in y\u00fcksek g\u00fcvenlik standartlar\u0131n\u0131n sa\u011flanmas\u0131.<\/li>\n<li>\u015eirket personelinin becerilerini korumak ve geli\u015ftirmek ve entegre Kalite, \u00c7evre, Enerji ve\nG\u00fcvenlik sistemi hakk\u0131nda fark\u0131ndal\u0131\u011f\u0131 art\u0131rmak i\u00e7in hedeflenen e\u011fitim kurslar\u0131 d\u00fczenlemek.<\/li>\n<li>T\u00fcm faaliyetlerin sorumlu y\u00f6netimi yoluyla \u00e7evresel etkilerin, kazalar\u0131n veya meslek\nhastal\u0131klar\u0131n\u0131n sonu\u00e7lar\u0131n\u0131 en aza indirmek.<\/li>\n<li>\u0130\u015f yerinde g\u00fcvenlik ve sa\u011fl\u0131kla ilgili olarak, i\u015f\u00e7i g\u00fcvenli\u011fi temsilcileri arac\u0131l\u0131\u011f\u0131yla da dahil olmak\n\u00fczere, i\u015f\u00e7ilerin isti\u015fare ve kat\u0131l\u0131m\u0131n\u0131 sa\u011flamak.<\/li>\n<li>\u00c7al\u0131\u015fanlar\u0131n \u015eirket hedeflerinin ger\u00e7ekle\u015ftirilmesine memnuniyetle katk\u0131da bulunabilecekleri ve mesleki becerilerini geli\u015ftirebilecekleri bir \u00e7al\u0131\u015fma ortam\u0131 yaratmak.<\/li>\n<li>Kurulu\u015fta g\u00f6rev yapan \u00e7al\u0131\u015fanlarla yap\u0131lan s\u00f6zle\u015fmelerde etik ve ahlaki standartlara uyuma\nodaklanmak.<\/li>\n<\/ul>\n<p>Ama\u00e7 ve hedeflerimize ula\u015fmak i\u00e7in a\u015fa\u011f\u0131daki genel ilkeleri benimsiyoruz:<\/p>\n<ol>\n<li>Kalite, \u00e7evre, enerji ve g\u00fcvenlik y\u00f6netimi, genel sorumlulu\u011fa odaklanarak her seviyedeki\nt\u00fcm \u015firket fonksiyonlar\u0131n\u0131n ve faaliyetlerinin ayr\u0131lmaz bir par\u00e7as\u0131d\u0131r.<\/li>\n<li>Ama\u00e7lar ve hedefler, bu b\u00fct\u00fcnle\u015fmi\u015f politikan\u0131n da\u011f\u0131t\u0131m\u0131 ve \u00e7e\u015fitli y\u00f6netim incelemelerinin\ny\u0131ll\u0131k sonu\u00e7lar\u0131 arac\u0131l\u0131\u011f\u0131yla kamuya a\u00e7\u0131klan\u0131r.<\/li>\n<li>Ama\u00e7 ve hedeflere, devam eden iyile\u015ftirme y\u00f6netimi programlar\u0131 arac\u0131l\u0131\u011f\u0131yla a\u015famal\u0131 olarak ula\u015f\u0131l\u0131r.<\/li>\n<li>Makinelerimiz, tesislerimiz ve ekipmanlar\u0131m\u0131z, i\u015f yerlerimiz, \u00e7al\u0131\u015fma y\u00f6ntemlerimiz ve\norganizasyonel y\u00f6nlerimiz, \u00e7al\u0131\u015fanlar\u0131n, di\u011fer insanlar\u0131n ve \u015firketin faaliyet g\u00f6sterdi\u011fi\ntoplumun sa\u011fl\u0131\u011f\u0131n\u0131 ve g\u00fcvenli\u011fini korumak i\u00e7in tasarlanm\u0131\u015ft\u0131r.<\/li>\n<li style=\"list-style-type: none;\">\u00a0<\/li>\n<\/ol>\t\t\t\t\t\t<\/div>\n\t\t\t\t<\/div>\n\t\t\t\t\t\t<\/div>\r\n\t\t\t\t<\/div>\r\n\t\t\t\t\t\t\t\t<\/div>\r\n\t\t\t<\/section>\r\n\t\t\t\t\t\t\t\t<\/div>","protected":false},"excerpt":{"rendered":"<p>Ensuring the nutritional well-being of dogs and cats with appropriate products that cater to their needs. Providing customized products suitable for every phase of a pet\u2019s growth. Producing high-quality pet food that meets strict nutritional standards. Implementing rigorous quality control standards, starting from the receipt of raw materials, through internal processing, to final supply. Conducting [&hellip;]<\/p>","protected":false},"author":1,"featured_media":0,"parent":0,"menu_order":0,"comment_status":"closed","ping_status":"closed","template":"","meta":{"footnotes":""},"class_list":["post-3033","page","type-page","status-publish","hentry"],"acf":[],"yoast_head":"<!-- This site is optimized with the Yoast SEO plugin v20.8 - https:\/\/yoast.com\/wordpress\/plugins\/seo\/ -->\n<title>Our Goals - Atak Pet Food<\/title>\n<meta name=\"robots\" content=\"index, follow, max-snippet:-1, max-image-preview:large, max-video-preview:-1\" \/>\n<link rel=\"canonical\" href=\"https:\/\/atakpetfood.com\/tr\/hedeflerimiz\/\" \/>\n<meta property=\"og:locale\" content=\"tr_TR\" \/>\n<meta property=\"og:type\" content=\"article\" \/>\n<meta property=\"og:title\" content=\"Our Goals - Atak Pet Food\" \/>\n<meta property=\"og:description\" content=\"Ensuring the nutritional well-being of dogs and cats with appropriate products that cater to their needs. Providing customized products suitable for every phase of a pet\u2019s growth. Producing high-quality pet food that meets strict nutritional standards. Implementing rigorous quality control standards, starting from the receipt of raw materials, through internal processing, to final supply. Conducting [&hellip;]\" \/>\n<meta property=\"og:url\" content=\"https:\/\/atakpetfood.com\/tr\/hedeflerimiz\/\" \/>\n<meta property=\"og:site_name\" content=\"Atak Pet Food\" \/>\n<meta property=\"article:modified_time\" content=\"2023-04-18T11:52:20+00:00\" \/>\n<meta property=\"og:image\" content=\"https:\/\/atakpetfood.com\/wp-content\/uploads\/2023\/04\/Our-mission-1024x576.jpg\" \/>\n<meta name=\"twitter:card\" content=\"summary_large_image\" \/>\n<meta name=\"twitter:label1\" content=\"Tahmini okuma s\u00fcresi\" \/>\n\t<meta name=\"twitter:data1\" content=\"2 dakika\" \/>\n<script type=\"application\/ld+json\" class=\"yoast-schema-graph\">{\"@context\":\"https:\/\/schema.org\",\"@graph\":[{\"@type\":\"WebPage\",\"@id\":\"https:\/\/atakpetfood.com\/our-goals\/\",\"url\":\"https:\/\/atakpetfood.com\/our-goals\/\",\"name\":\"Our Goals - Atak Pet Food\",\"isPartOf\":{\"@id\":\"https:\/\/atakpetfood.com\/#website\"},\"datePublished\":\"2023-04-17T12:10:23+00:00\",\"dateModified\":\"2023-04-18T11:52:20+00:00\",\"breadcrumb\":{\"@id\":\"https:\/\/atakpetfood.com\/our-goals\/#breadcrumb\"},\"inLanguage\":\"tr\",\"potentialAction\":[{\"@type\":\"ReadAction\",\"target\":[\"https:\/\/atakpetfood.com\/our-goals\/\"]}]},{\"@type\":\"BreadcrumbList\",\"@id\":\"https:\/\/atakpetfood.com\/our-goals\/#breadcrumb\",\"itemListElement\":[{\"@type\":\"ListItem\",\"position\":1,\"name\":\"Home\",\"item\":\"https:\/\/atakpetfood.com\/\"},{\"@type\":\"ListItem\",\"position\":2,\"name\":\"Our Goals\"}]},{\"@type\":\"WebSite\",\"@id\":\"https:\/\/atakpetfood.com\/#website\",\"url\":\"https:\/\/atakpetfood.com\/\",\"name\":\"Atak Pet Food\",\"description\":\"Atak Pet Food\",\"publisher\":{\"@id\":\"https:\/\/atakpetfood.com\/#organization\"},\"potentialAction\":[{\"@type\":\"SearchAction\",\"target\":{\"@type\":\"EntryPoint\",\"urlTemplate\":\"https:\/\/atakpetfood.com\/?s={search_term_string}\"},\"query-input\":\"required name=search_term_string\"}],\"inLanguage\":\"tr\"},{\"@type\":\"Organization\",\"@id\":\"https:\/\/atakpetfood.com\/#organization\",\"name\":\"Atak Pet Food\",\"url\":\"https:\/\/atakpetfood.com\/\",\"logo\":{\"@type\":\"ImageObject\",\"inLanguage\":\"tr\",\"@id\":\"https:\/\/atakpetfood.com\/#\/schema\/logo\/image\/\",\"url\":\"https:\/\/atakpetfood.com\/wp-content\/uploads\/2023\/04\/favicon.fw_.png\",\"contentUrl\":\"https:\/\/atakpetfood.com\/wp-content\/uploads\/2023\/04\/favicon.fw_.png\",\"width\":512,\"height\":512,\"caption\":\"Atak Pet Food\"},\"image\":{\"@id\":\"https:\/\/atakpetfood.com\/#\/schema\/logo\/image\/\"}}]}<\/script>\n<!-- \/ Yoast SEO plugin. -->","yoast_head_json":{"title":"Our Goals - Atak Pet Food","robots":{"index":"index","follow":"follow","max-snippet":"max-snippet:-1","max-image-preview":"max-image-preview:large","max-video-preview":"max-video-preview:-1"},"canonical":"https:\/\/atakpetfood.com\/tr\/hedeflerimiz\/","og_locale":"tr_TR","og_type":"article","og_title":"Our Goals - Atak Pet Food","og_description":"Ensuring the nutritional well-being of dogs and cats with appropriate products that cater to their needs. Providing customized products suitable for every phase of a pet\u2019s growth. Producing high-quality pet food that meets strict nutritional standards. Implementing rigorous quality control standards, starting from the receipt of raw materials, through internal processing, to final supply. Conducting [&hellip;]","og_url":"https:\/\/atakpetfood.com\/tr\/hedeflerimiz\/","og_site_name":"Atak Pet Food","article_modified_time":"2023-04-18T11:52:20+00:00","og_image":[{"url":"https:\/\/atakpetfood.com\/wp-content\/uploads\/2023\/04\/Our-mission-1024x576.jpg"}],"twitter_card":"summary_large_image","twitter_misc":{"Tahmini okuma s\u00fcresi":"2 dakika"},"schema":{"@context":"https:\/\/schema.org","@graph":[{"@type":"WebPage","@id":"https:\/\/atakpetfood.com\/our-goals\/","url":"https:\/\/atakpetfood.com\/our-goals\/","name":"Our Goals - Atak Pet Food","isPartOf":{"@id":"https:\/\/atakpetfood.com\/#website"},"datePublished":"2023-04-17T12:10:23+00:00","dateModified":"2023-04-18T11:52:20+00:00","breadcrumb":{"@id":"https:\/\/atakpetfood.com\/our-goals\/#breadcrumb"},"inLanguage":"tr","potentialAction":[{"@type":"ReadAction","target":["https:\/\/atakpetfood.com\/our-goals\/"]}]},{"@type":"BreadcrumbList","@id":"https:\/\/atakpetfood.com\/our-goals\/#breadcrumb","itemListElement":[{"@type":"ListItem","position":1,"name":"Home","item":"https:\/\/atakpetfood.com\/"},{"@type":"ListItem","position":2,"name":"Our Goals"}]},{"@type":"WebSite","@id":"https:\/\/atakpetfood.com\/#website","url":"https:\/\/atakpetfood.com\/","name":"Atak Pet Food","description":"Atak Pet Food","publisher":{"@id":"https:\/\/atakpetfood.com\/#organization"},"potentialAction":[{"@type":"SearchAction","target":{"@type":"EntryPoint","urlTemplate":"https:\/\/atakpetfood.com\/?s={search_term_string}"},"query-input":"required name=search_term_string"}],"inLanguage":"tr"},{"@type":"Organization","@id":"https:\/\/atakpetfood.com\/#organization","name":"Atak Pet Food","url":"https:\/\/atakpetfood.com\/","logo":{"@type":"ImageObject","inLanguage":"tr","@id":"https:\/\/atakpetfood.com\/#\/schema\/logo\/image\/","url":"https:\/\/atakpetfood.com\/wp-content\/uploads\/2023\/04\/favicon.fw_.png","contentUrl":"https:\/\/atakpetfood.com\/wp-content\/uploads\/2023\/04\/favicon.fw_.png","width":512,"height":512,"caption":"Atak Pet Food"},"image":{"@id":"https:\/\/atakpetfood.com\/#\/schema\/logo\/image\/"}}]}},"_links":{"self":[{"href":"https:\/\/atakpetfood.com\/tr\/wp-json\/wp\/v2\/pages\/3033","targetHints":{"allow":["GET"]}}],"collection":[{"href":"https:\/\/atakpetfood.com\/tr\/wp-json\/wp\/v2\/pages"}],"about":[{"href":"https:\/\/atakpetfood.com\/tr\/wp-json\/wp\/v2\/types\/page"}],"author":[{"embeddable":true,"href":"https:\/\/atakpetfood.com\/tr\/wp-json\/wp\/v2\/users\/1"}],"replies":[{"embeddable":true,"href":"https:\/\/atakpetfood.com\/tr\/wp-json\/wp\/v2\/comments?post=3033"}],"version-history":[{"count":7,"href":"https:\/\/atakpetfood.com\/tr\/wp-json\/wp\/v2\/pages\/3033\/revisions"}],"predecessor-version":[{"id":3116,"href":"https:\/\/atakpetfood.com\/tr\/wp-json\/wp\/v2\/pages\/3033\/revisions\/3116"}],"wp:attachment":[{"href":"https:\/\/atakpetfood.com\/tr\/wp-json\/wp\/v2\/media?parent=3033"}],"curies":[{"name":"wp","href":"https:\/\/api.w.org\/{rel}","templated":true}]}}