{"id":3040,"date":"2023-04-17T15:13:47","date_gmt":"2023-04-17T12:13:47","guid":{"rendered":"https:\/\/atakpetfood.com\/?page_id=3040"},"modified":"2023-04-17T15:16:37","modified_gmt":"2023-04-17T12:16:37","slug":"aim-for-excellence","status":"publish","type":"page","link":"https:\/\/atakpetfood.com\/tr\/mukemmelligi-hedefleme\/","title":{"rendered":"M\u00fckemmeli Hedefliyoruz"},"content":{"rendered":"<div data-elementor-type=\"wp-page\" data-elementor-id=\"3040\" class=\"elementor elementor-3040\">\n\t\t\t\t\t\t\t\t\t<div class=\"elementor-section elementor-top-section elementor-element elementor-element-d513f22 elementor-section-content-middle mb-10 elementor-reverse-mobile elementor-section-boxed elementor-section-height-default elementor-section-height-default\" data-id=\"d513f22\" data-element_type=\"section\" data-settings=\"{&quot;background_background&quot;:&quot;classic&quot;}\">\r\n\t\t\t\t\t\t\t\t<div class=\"elementor-container elementor-column-gap-default\">\r\n\t\t\t\t\r\n\t\t\t\t\t\t\t\t<div class=\"elementor-column elementor-col-50 elementor-top-column elementor-element elementor-element-c62ff8f\" data-id=\"c62ff8f\" data-element_type=\"column\">\r\n\r\n\t\t\t\t\r\n\t\t\t\t<div class=\"elementor-widget-wrap elementor-element-populated\">\r\n\t\t\t\t\t\t\t\t\t\t\r\n\t\t\t\t\t\t<div class=\"elementor-element elementor-element-dd57bb7 elementor-invisible elementor-widget elementor-widget-heading\" data-id=\"dd57bb7\" data-element_type=\"widget\" data-settings=\"{&quot;_animation&quot;:&quot;fadeInUpShorter&quot;,&quot;_animation_delay&quot;:400}\" data-widget_type=\"heading.default\">\n\t\t\t\t<div class=\"elementor-widget-container\">\n\t\t\t<style>\/*! elementor - v3.12.2 - 23-04-2023 *\/\n.elementor-heading-title{padding:0;margin:0;line-height:1}.elementor-widget-heading .elementor-heading-title[class*=elementor-size-]>a{color:inherit;font-size:inherit;line-height:inherit}.elementor-widget-heading .elementor-heading-title.elementor-size-small{font-size:15px}.elementor-widget-heading .elementor-heading-title.elementor-size-medium{font-size:19px}.elementor-widget-heading .elementor-heading-title.elementor-size-large{font-size:29px}.elementor-widget-heading .elementor-heading-title.elementor-size-xl{font-size:39px}.elementor-widget-heading .elementor-heading-title.elementor-size-xxl{font-size:59px}<\/style><h2 class=\"elementor-heading-title elementor-size-default\">M\u00fckemmeli Hedefliyoruz<\/h2>\t\t<\/div>\n\t\t\t\t<\/div>\n\t\t\t\t<div class=\"elementor-element elementor-element-9c3565a elementor-widget__width-initial elementor-widget-mobile__width-initial elementor-invisible elementor-widget elementor-widget-heading\" data-id=\"9c3565a\" data-element_type=\"widget\" data-settings=\"{&quot;_animation&quot;:&quot;fadeInUpShorter&quot;,&quot;_animation_delay&quot;:800}\" data-widget_type=\"heading.default\">\n\t\t\t\t<div class=\"elementor-widget-container\">\n\t\t\t<p class=\"elementor-heading-title elementor-size-default\">Atak Pet Food&#039;da kendimizi i\u015fimizin her alan\u0131nda \u00fcst\u00fcn kalite sunmaya adad\u0131k. D\u00fcnya\n\u00e7ap\u0131nda hayvan yemi pazar\u0131nda \u00f6n s\u0131ralarda yer almam\u0131z\u0131 sa\u011flamak i\u00e7in profesyonelli\u011fe,\nara\u015ft\u0131rmaya, \u00fcr\u00fcn kalitesine ve hizmet tekliflerine yat\u0131r\u0131m yap\u0131yoruz. <br><br>Deneyimli evcil hayvan mamas\u0131 beslenme uzmanlar\u0131ndan olu\u015fan ekibimiz, ola\u011fan\u00fcst\u00fc\nsonu\u00e7lar elde etmeye ve kapsaml\u0131 bir evcil hayvan mamas\u0131 \u00fcr\u00fcnleri yelpazesi olu\u015fturmaya\nkendini adam\u0131\u015ft\u0131r. Atak&#039;\u0131n \u00fcr\u00fcnleri, \u00f6zel markal\u0131 markalar\u0131m\u0131z\u0131n her birinin s\u00fcrekli b\u00fcy\u00fcmesini\nsa\u011flayan ve milyonlarca memnun t\u00fcketicinin ve evcil hayvanlar\u0131n\u0131n sadakatini kazanan\nm\u00fckemmel lezzetleriyle tan\u0131n\u0131r.\n\n<br><br>Ailemiz, \u00fcr\u00fcnlerimizin lezzetini ki\u015fisel olarak garanti ederek operasyonlar\u0131m\u0131z\u0131n her alan\u0131nda\nuygulamal\u0131 bir rol \u00fcstlenir. Atak Pet Food, t\u00fcm m\u00fc\u015fterilerimize y\u00fcksek kaliteli \u00fcr\u00fcn ve\nhizmetler sunarak, hayvan yemi pazar\u0131nda m\u00fckemmellik i\u00e7in \u00f6l\u00e7\u00fct belirlemeye \u00e7al\u0131\u015fmaktad\u0131r.\n\n<\/p>\t\t<\/div>\n\t\t\t\t<\/div>\n\t\t\t\t\t\t<\/div>\r\n\t\t\t\t<\/div>\r\n\t\t\t\t\t\t\t\t\t<div class=\"elementor-column elementor-col-50 elementor-top-column elementor-element elementor-element-1fb24e0\" data-id=\"1fb24e0\" data-element_type=\"column\">\r\n\r\n\t\t\t\t\r\n\t\t\t\t<div class=\"elementor-widget-wrap elementor-element-populated\">\r\n\t\t\t\t\t\t\t\t\t\t\r\n\t\t\t\t\t\t<div class=\"elementor-element elementor-element-dd53887 elementor-invisible elementor-widget elementor-widget-image\" data-id=\"dd53887\" data-element_type=\"widget\" data-settings=\"{&quot;_animation&quot;:&quot;fadeInRightShorter&quot;}\" data-widget_type=\"image.default\">\n\t\t\t\t<div class=\"elementor-widget-container\">\n\t\t\t<style>\/*! elementor - v3.12.2 - 23-04-2023 *\/\n.elementor-widget-image{text-align:center}.elementor-widget-image a{display:inline-block}.elementor-widget-image a img[src$=\".svg\"]{width:48px}.elementor-widget-image img{vertical-align:middle;display:inline-block}<\/style>\t\t\t\t\t\t\t\t\t\t\t\t<img decoding=\"async\" width=\"575\" height=\"725\" src=\"https:\/\/atakpetfood.com\/wp-content\/uploads\/2023\/04\/AimForExcellence2.jpg\" class=\"attachment-full size-full wp-image-2879\" alt=\"\" \/>\t\t\t\t\t\t\t\t\t\t\t\t\t\t\t<\/div>\n\t\t\t\t<\/div>\n\t\t\t\t\t\t<\/div>\r\n\t\t\t\t<\/div>\r\n\t\t\t\t\t\t\t\t<\/div>\r\n\t\t\t<\/div>\r\n\t\t\t\t\t\t\t\t<\/div>","protected":false},"excerpt":{"rendered":"<p>Aim for Excellence At Atak Pet Food, we are committed to delivering superior quality in every aspect of our business. We invest in professionalism, research, product quality, and service offerings to ensure that we remain at the forefront of the animal feed market worldwide. Our team of experienced pet food nutritionists is dedicated to producing [&hellip;]<\/p>","protected":false},"author":1,"featured_media":0,"parent":0,"menu_order":0,"comment_status":"closed","ping_status":"closed","template":"","meta":{"footnotes":""},"class_list":["post-3040","page","type-page","status-publish","hentry"],"acf":[],"yoast_head":"<!-- This site is optimized with the Yoast SEO plugin v20.8 - https:\/\/yoast.com\/wordpress\/plugins\/seo\/ -->\n<title>Aim for Excellence - Atak Pet Food<\/title>\n<meta name=\"robots\" content=\"index, follow, max-snippet:-1, max-image-preview:large, max-video-preview:-1\" \/>\n<link rel=\"canonical\" href=\"https:\/\/atakpetfood.com\/tr\/mukemmelligi-hedefleme\/\" \/>\n<meta property=\"og:locale\" content=\"tr_TR\" \/>\n<meta property=\"og:type\" content=\"article\" \/>\n<meta property=\"og:title\" content=\"Aim for Excellence - Atak Pet Food\" \/>\n<meta property=\"og:description\" content=\"Aim for Excellence At Atak Pet Food, we are committed to delivering superior quality in every aspect of our business. We invest in professionalism, research, product quality, and service offerings to ensure that we remain at the forefront of the animal feed market worldwide. Our team of experienced pet food nutritionists is dedicated to producing [&hellip;]\" \/>\n<meta property=\"og:url\" content=\"https:\/\/atakpetfood.com\/tr\/mukemmelligi-hedefleme\/\" \/>\n<meta property=\"og:site_name\" content=\"Atak Pet Food\" \/>\n<meta property=\"article:modified_time\" content=\"2023-04-17T12:16:37+00:00\" \/>\n<meta property=\"og:image\" content=\"https:\/\/atakpetfood.com\/wp-content\/uploads\/2023\/04\/AimForExcellence2.jpg\" \/>\n<meta name=\"twitter:card\" content=\"summary_large_image\" \/>\n<meta name=\"twitter:label1\" content=\"Tahmini okuma s\u00fcresi\" \/>\n\t<meta name=\"twitter:data1\" content=\"1 dakika\" \/>\n<script type=\"application\/ld+json\" class=\"yoast-schema-graph\">{\"@context\":\"https:\/\/schema.org\",\"@graph\":[{\"@type\":\"WebPage\",\"@id\":\"https:\/\/atakpetfood.com\/aim-for-excellence\/\",\"url\":\"https:\/\/atakpetfood.com\/aim-for-excellence\/\",\"name\":\"Aim for Excellence - Atak Pet Food\",\"isPartOf\":{\"@id\":\"https:\/\/atakpetfood.com\/#website\"},\"datePublished\":\"2023-04-17T12:13:47+00:00\",\"dateModified\":\"2023-04-17T12:16:37+00:00\",\"breadcrumb\":{\"@id\":\"https:\/\/atakpetfood.com\/aim-for-excellence\/#breadcrumb\"},\"inLanguage\":\"tr\",\"potentialAction\":[{\"@type\":\"ReadAction\",\"target\":[\"https:\/\/atakpetfood.com\/aim-for-excellence\/\"]}]},{\"@type\":\"BreadcrumbList\",\"@id\":\"https:\/\/atakpetfood.com\/aim-for-excellence\/#breadcrumb\",\"itemListElement\":[{\"@type\":\"ListItem\",\"position\":1,\"name\":\"Home\",\"item\":\"https:\/\/atakpetfood.com\/\"},{\"@type\":\"ListItem\",\"position\":2,\"name\":\"Aim for Excellence\"}]},{\"@type\":\"WebSite\",\"@id\":\"https:\/\/atakpetfood.com\/#website\",\"url\":\"https:\/\/atakpetfood.com\/\",\"name\":\"Atak Pet Food\",\"description\":\"Atak Pet Food\",\"publisher\":{\"@id\":\"https:\/\/atakpetfood.com\/#organization\"},\"potentialAction\":[{\"@type\":\"SearchAction\",\"target\":{\"@type\":\"EntryPoint\",\"urlTemplate\":\"https:\/\/atakpetfood.com\/?s={search_term_string}\"},\"query-input\":\"required name=search_term_string\"}],\"inLanguage\":\"tr\"},{\"@type\":\"Organization\",\"@id\":\"https:\/\/atakpetfood.com\/#organization\",\"name\":\"Atak Pet Food\",\"url\":\"https:\/\/atakpetfood.com\/\",\"logo\":{\"@type\":\"ImageObject\",\"inLanguage\":\"tr\",\"@id\":\"https:\/\/atakpetfood.com\/#\/schema\/logo\/image\/\",\"url\":\"https:\/\/atakpetfood.com\/wp-content\/uploads\/2023\/04\/favicon.fw_.png\",\"contentUrl\":\"https:\/\/atakpetfood.com\/wp-content\/uploads\/2023\/04\/favicon.fw_.png\",\"width\":512,\"height\":512,\"caption\":\"Atak Pet Food\"},\"image\":{\"@id\":\"https:\/\/atakpetfood.com\/#\/schema\/logo\/image\/\"}}]}<\/script>\n<!-- \/ Yoast SEO plugin. -->","yoast_head_json":{"title":"Aim for Excellence - Atak Pet Food","robots":{"index":"index","follow":"follow","max-snippet":"max-snippet:-1","max-image-preview":"max-image-preview:large","max-video-preview":"max-video-preview:-1"},"canonical":"https:\/\/atakpetfood.com\/tr\/mukemmelligi-hedefleme\/","og_locale":"tr_TR","og_type":"article","og_title":"Aim for Excellence - Atak Pet Food","og_description":"Aim for Excellence At Atak Pet Food, we are committed to delivering superior quality in every aspect of our business. We invest in professionalism, research, product quality, and service offerings to ensure that we remain at the forefront of the animal feed market worldwide. Our team of experienced pet food nutritionists is dedicated to producing [&hellip;]","og_url":"https:\/\/atakpetfood.com\/tr\/mukemmelligi-hedefleme\/","og_site_name":"Atak Pet Food","article_modified_time":"2023-04-17T12:16:37+00:00","og_image":[{"url":"https:\/\/atakpetfood.com\/wp-content\/uploads\/2023\/04\/AimForExcellence2.jpg"}],"twitter_card":"summary_large_image","twitter_misc":{"Tahmini okuma s\u00fcresi":"1 dakika"},"schema":{"@context":"https:\/\/schema.org","@graph":[{"@type":"WebPage","@id":"https:\/\/atakpetfood.com\/aim-for-excellence\/","url":"https:\/\/atakpetfood.com\/aim-for-excellence\/","name":"Aim for Excellence - Atak Pet Food","isPartOf":{"@id":"https:\/\/atakpetfood.com\/#website"},"datePublished":"2023-04-17T12:13:47+00:00","dateModified":"2023-04-17T12:16:37+00:00","breadcrumb":{"@id":"https:\/\/atakpetfood.com\/aim-for-excellence\/#breadcrumb"},"inLanguage":"tr","potentialAction":[{"@type":"ReadAction","target":["https:\/\/atakpetfood.com\/aim-for-excellence\/"]}]},{"@type":"BreadcrumbList","@id":"https:\/\/atakpetfood.com\/aim-for-excellence\/#breadcrumb","itemListElement":[{"@type":"ListItem","position":1,"name":"Home","item":"https:\/\/atakpetfood.com\/"},{"@type":"ListItem","position":2,"name":"Aim for Excellence"}]},{"@type":"WebSite","@id":"https:\/\/atakpetfood.com\/#website","url":"https:\/\/atakpetfood.com\/","name":"Atak Pet Food","description":"Atak Pet Food","publisher":{"@id":"https:\/\/atakpetfood.com\/#organization"},"potentialAction":[{"@type":"SearchAction","target":{"@type":"EntryPoint","urlTemplate":"https:\/\/atakpetfood.com\/?s={search_term_string}"},"query-input":"required name=search_term_string"}],"inLanguage":"tr"},{"@type":"Organization","@id":"https:\/\/atakpetfood.com\/#organization","name":"Atak Pet Food","url":"https:\/\/atakpetfood.com\/","logo":{"@type":"ImageObject","inLanguage":"tr","@id":"https:\/\/atakpetfood.com\/#\/schema\/logo\/image\/","url":"https:\/\/atakpetfood.com\/wp-content\/uploads\/2023\/04\/favicon.fw_.png","contentUrl":"https:\/\/atakpetfood.com\/wp-content\/uploads\/2023\/04\/favicon.fw_.png","width":512,"height":512,"caption":"Atak Pet Food"},"image":{"@id":"https:\/\/atakpetfood.com\/#\/schema\/logo\/image\/"}}]}},"_links":{"self":[{"href":"https:\/\/atakpetfood.com\/tr\/wp-json\/wp\/v2\/pages\/3040","targetHints":{"allow":["GET"]}}],"collection":[{"href":"https:\/\/atakpetfood.com\/tr\/wp-json\/wp\/v2\/pages"}],"about":[{"href":"https:\/\/atakpetfood.com\/tr\/wp-json\/wp\/v2\/types\/page"}],"author":[{"embeddable":true,"href":"https:\/\/atakpetfood.com\/tr\/wp-json\/wp\/v2\/users\/1"}],"replies":[{"embeddable":true,"href":"https:\/\/atakpetfood.com\/tr\/wp-json\/wp\/v2\/comments?post=3040"}],"version-history":[{"count":4,"href":"https:\/\/atakpetfood.com\/tr\/wp-json\/wp\/v2\/pages\/3040\/revisions"}],"predecessor-version":[{"id":3045,"href":"https:\/\/atakpetfood.com\/tr\/wp-json\/wp\/v2\/pages\/3040\/revisions\/3045"}],"wp:attachment":[{"href":"https:\/\/atakpetfood.com\/tr\/wp-json\/wp\/v2\/media?parent=3040"}],"curies":[{"name":"wp","href":"https:\/\/api.w.org\/{rel}","templated":true}]}}