{"id":3048,"date":"2023-04-17T15:25:33","date_gmt":"2023-04-17T12:25:33","guid":{"rendered":"https:\/\/atakpetfood.com\/?page_id=3048"},"modified":"2023-04-18T14:31:13","modified_gmt":"2023-04-18T11:31:13","slug":"innovative-technologies","status":"publish","type":"page","link":"https:\/\/atakpetfood.com\/tr\/yenilikci-teknolojiler\/","title":{"rendered":"Yenilik\u00e7i Teknolojiler"},"content":{"rendered":"<div data-elementor-type=\"wp-page\" data-elementor-id=\"3048\" class=\"elementor elementor-3048\">\n\t\t\t\t\t\t\t\t\t<div class=\"elementor-section elementor-top-section elementor-element elementor-element-e2ab47b elementor-section-content-middle mb-10 elementor-reverse-mobile elementor-section-boxed elementor-section-height-default elementor-section-height-default\" data-id=\"e2ab47b\" data-element_type=\"section\" data-settings=\"{&quot;background_background&quot;:&quot;classic&quot;}\">\r\n\t\t\t\t\t\t\t\t<div class=\"elementor-container elementor-column-gap-default\">\r\n\t\t\t\t\r\n\t\t\t\t\t\t\t\t<div class=\"elementor-column elementor-col-50 elementor-top-column elementor-element elementor-element-f6002b8\" data-id=\"f6002b8\" data-element_type=\"column\">\r\n\r\n\t\t\t\t\r\n\t\t\t\t<div class=\"elementor-widget-wrap elementor-element-populated\">\r\n\t\t\t\t\t\t\t\t\t\t\r\n\t\t\t\t\t\t<div class=\"elementor-element elementor-element-bf1ff93 elementor-invisible elementor-widget elementor-widget-heading\" data-id=\"bf1ff93\" data-element_type=\"widget\" data-settings=\"{&quot;_animation&quot;:&quot;fadeInUpShorter&quot;,&quot;_animation_delay&quot;:400}\" data-widget_type=\"heading.default\">\n\t\t\t\t<div class=\"elementor-widget-container\">\n\t\t\t<style>\/*! elementor - v3.12.2 - 23-04-2023 *\/\n.elementor-heading-title{padding:0;margin:0;line-height:1}.elementor-widget-heading .elementor-heading-title[class*=elementor-size-]>a{color:inherit;font-size:inherit;line-height:inherit}.elementor-widget-heading .elementor-heading-title.elementor-size-small{font-size:15px}.elementor-widget-heading .elementor-heading-title.elementor-size-medium{font-size:19px}.elementor-widget-heading .elementor-heading-title.elementor-size-large{font-size:29px}.elementor-widget-heading .elementor-heading-title.elementor-size-xl{font-size:39px}.elementor-widget-heading .elementor-heading-title.elementor-size-xxl{font-size:59px}<\/style><h2 class=\"elementor-heading-title elementor-size-default\">Yenilik\u00e7i Teknolojiler<\/h2>\t\t<\/div>\n\t\t\t\t<\/div>\n\t\t\t\t<div class=\"elementor-element elementor-element-7546906 elementor-widget__width-initial elementor-widget-mobile__width-initial elementor-invisible elementor-widget elementor-widget-heading\" data-id=\"7546906\" data-element_type=\"widget\" data-settings=\"{&quot;_animation&quot;:&quot;fadeInUpShorter&quot;,&quot;_animation_delay&quot;:600}\" data-widget_type=\"heading.default\">\n\t\t\t\t<div class=\"elementor-widget-container\">\n\t\t\t<h3 class=\"elementor-heading-title elementor-size-default\">Atak, yenilik\u00e7i, do\u011fal ve hayvanlar \u00fczerinde denenmemi\u015f testler i\u00e7ermeyen \u00e7\u00f6z\u00fcmleri ile evcil hayvanlar\u0131n refah\u0131n\u0131 ve beslenme sa\u011fl\u0131\u011f\u0131n\u0131 sa\u011flar. \u015eirket, kedi ve k\u00f6pekler i\u00e7in sa\u011fl\u0131kl\u0131 ve\ndengeli tarifler form\u00fcle eden \u00f6zel bir ekiple ara\u015ft\u0131rma ve geli\u015ftirmeye b\u00fcy\u00fck yat\u0131r\u0131m yap\u0131yor.\nAtak, her evcil hayvan\u0131n cinsine, boyuna, ya\u015fam tarz\u0131na ve ya\u015f\u0131na ba\u011fl\u0131 olarak kendine \u00f6zg\u00fc\nihtiya\u00e7lar\u0131 oldu\u011funun fark\u0131ndad\u0131r ve bu ihtiya\u00e7lar\u0131 do\u011fru protein, karbonhidrat, lipit, vitamin,\nmineral ve lif kar\u0131\u015f\u0131m\u0131yla kar\u015f\u0131lamaya \u00e7al\u0131\u015f\u0131r. Analiz laboratuvar\u0131, her evcil hayvan i\u00e7in\nm\u00fckemmel beslenmeyi olu\u015fturmak \u00fczere en iyi malzemeleri belirlemek i\u00e7in yorulmadan\n\u00e7al\u0131\u015f\u0131r.<\/h3>\t\t<\/div>\n\t\t\t\t<\/div>\n\t\t\t\t\t\t<\/div>\r\n\t\t\t\t<\/div>\r\n\t\t\t\t\t\t\t\t\t<div class=\"elementor-column elementor-col-50 elementor-top-column elementor-element elementor-element-52b5839\" data-id=\"52b5839\" data-element_type=\"column\">\r\n\r\n\t\t\t\t\r\n\t\t\t\t<div class=\"elementor-widget-wrap elementor-element-populated\">\r\n\t\t\t\t\t\t\t\t\t\t\r\n\t\t\t\t\t\t<div class=\"elementor-element elementor-element-6fcfa04 elementor-invisible elementor-widget elementor-widget-image\" data-id=\"6fcfa04\" data-element_type=\"widget\" data-settings=\"{&quot;_animation&quot;:&quot;fadeInRightShorter&quot;}\" data-widget_type=\"image.default\">\n\t\t\t\t<div class=\"elementor-widget-container\">\n\t\t\t<style>\/*! elementor - v3.12.2 - 23-04-2023 *\/\n.elementor-widget-image{text-align:center}.elementor-widget-image a{display:inline-block}.elementor-widget-image a img[src$=\".svg\"]{width:48px}.elementor-widget-image img{vertical-align:middle;display:inline-block}<\/style>\t\t\t\t\t\t\t\t\t\t\t\t<img decoding=\"async\" width=\"575\" height=\"725\" src=\"https:\/\/atakpetfood.com\/wp-content\/uploads\/2023\/04\/innovative-technologies.png\" class=\"attachment-full size-full wp-image-3103\" alt=\"\" \/>\t\t\t\t\t\t\t\t\t\t\t\t\t\t\t<\/div>\n\t\t\t\t<\/div>\n\t\t\t\t\t\t<\/div>\r\n\t\t\t\t<\/div>\r\n\t\t\t\t\t\t\t\t<\/div>\r\n\t\t\t<\/div>\r\n\t\t\t\t\t\t\t\t<\/div>","protected":false},"excerpt":{"rendered":"<p>Innovative Technologies Atak ensures the well-being and nutritional health of pets through its innovative, natural, and cruelty-free solutions. The company invests heavily in research and development, with a dedicated team formulating healthy and balanced recipes for cats and dogs. Atak recognizes that each pet has unique needs based on breed, size, lifestyle, and age, and [&hellip;]<\/p>","protected":false},"author":1,"featured_media":0,"parent":0,"menu_order":0,"comment_status":"closed","ping_status":"closed","template":"","meta":{"footnotes":""},"class_list":["post-3048","page","type-page","status-publish","hentry"],"acf":[],"yoast_head":"<!-- This site is optimized with the Yoast SEO plugin v20.8 - https:\/\/yoast.com\/wordpress\/plugins\/seo\/ -->\n<title>Innovative Technologies - Atak Pet Food<\/title>\n<meta name=\"robots\" content=\"index, follow, max-snippet:-1, max-image-preview:large, max-video-preview:-1\" \/>\n<link rel=\"canonical\" href=\"https:\/\/atakpetfood.com\/tr\/yenilikci-teknolojiler\/\" \/>\n<meta property=\"og:locale\" content=\"tr_TR\" \/>\n<meta property=\"og:type\" content=\"article\" \/>\n<meta property=\"og:title\" content=\"Innovative Technologies - Atak Pet Food\" \/>\n<meta property=\"og:description\" content=\"Innovative Technologies Atak ensures the well-being and nutritional health of pets through its innovative, natural, and cruelty-free solutions. The company invests heavily in research and development, with a dedicated team formulating healthy and balanced recipes for cats and dogs. Atak recognizes that each pet has unique needs based on breed, size, lifestyle, and age, and [&hellip;]\" \/>\n<meta property=\"og:url\" content=\"https:\/\/atakpetfood.com\/tr\/yenilikci-teknolojiler\/\" \/>\n<meta property=\"og:site_name\" content=\"Atak Pet Food\" \/>\n<meta property=\"article:modified_time\" content=\"2023-04-18T11:31:13+00:00\" \/>\n<meta property=\"og:image\" content=\"https:\/\/atakpetfood.com\/wp-content\/uploads\/2023\/04\/innovative-technologies.png\" \/>\n<meta name=\"twitter:card\" content=\"summary_large_image\" \/>\n<script type=\"application\/ld+json\" class=\"yoast-schema-graph\">{\"@context\":\"https:\/\/schema.org\",\"@graph\":[{\"@type\":\"WebPage\",\"@id\":\"https:\/\/atakpetfood.com\/innovative-technologies\/\",\"url\":\"https:\/\/atakpetfood.com\/innovative-technologies\/\",\"name\":\"Innovative Technologies - Atak Pet Food\",\"isPartOf\":{\"@id\":\"https:\/\/atakpetfood.com\/#website\"},\"datePublished\":\"2023-04-17T12:25:33+00:00\",\"dateModified\":\"2023-04-18T11:31:13+00:00\",\"breadcrumb\":{\"@id\":\"https:\/\/atakpetfood.com\/innovative-technologies\/#breadcrumb\"},\"inLanguage\":\"tr\",\"potentialAction\":[{\"@type\":\"ReadAction\",\"target\":[\"https:\/\/atakpetfood.com\/innovative-technologies\/\"]}]},{\"@type\":\"BreadcrumbList\",\"@id\":\"https:\/\/atakpetfood.com\/innovative-technologies\/#breadcrumb\",\"itemListElement\":[{\"@type\":\"ListItem\",\"position\":1,\"name\":\"Home\",\"item\":\"https:\/\/atakpetfood.com\/\"},{\"@type\":\"ListItem\",\"position\":2,\"name\":\"Innovative Technologies\"}]},{\"@type\":\"WebSite\",\"@id\":\"https:\/\/atakpetfood.com\/#website\",\"url\":\"https:\/\/atakpetfood.com\/\",\"name\":\"Atak Pet Food\",\"description\":\"Atak Pet Food\",\"publisher\":{\"@id\":\"https:\/\/atakpetfood.com\/#organization\"},\"potentialAction\":[{\"@type\":\"SearchAction\",\"target\":{\"@type\":\"EntryPoint\",\"urlTemplate\":\"https:\/\/atakpetfood.com\/?s={search_term_string}\"},\"query-input\":\"required name=search_term_string\"}],\"inLanguage\":\"tr\"},{\"@type\":\"Organization\",\"@id\":\"https:\/\/atakpetfood.com\/#organization\",\"name\":\"Atak Pet Food\",\"url\":\"https:\/\/atakpetfood.com\/\",\"logo\":{\"@type\":\"ImageObject\",\"inLanguage\":\"tr\",\"@id\":\"https:\/\/atakpetfood.com\/#\/schema\/logo\/image\/\",\"url\":\"https:\/\/atakpetfood.com\/wp-content\/uploads\/2023\/04\/favicon.fw_.png\",\"contentUrl\":\"https:\/\/atakpetfood.com\/wp-content\/uploads\/2023\/04\/favicon.fw_.png\",\"width\":512,\"height\":512,\"caption\":\"Atak Pet Food\"},\"image\":{\"@id\":\"https:\/\/atakpetfood.com\/#\/schema\/logo\/image\/\"}}]}<\/script>\n<!-- \/ Yoast SEO plugin. -->","yoast_head_json":{"title":"Innovative Technologies - Atak Pet Food","robots":{"index":"index","follow":"follow","max-snippet":"max-snippet:-1","max-image-preview":"max-image-preview:large","max-video-preview":"max-video-preview:-1"},"canonical":"https:\/\/atakpetfood.com\/tr\/yenilikci-teknolojiler\/","og_locale":"tr_TR","og_type":"article","og_title":"Innovative Technologies - Atak Pet Food","og_description":"Innovative Technologies Atak ensures the well-being and nutritional health of pets through its innovative, natural, and cruelty-free solutions. The company invests heavily in research and development, with a dedicated team formulating healthy and balanced recipes for cats and dogs. Atak recognizes that each pet has unique needs based on breed, size, lifestyle, and age, and [&hellip;]","og_url":"https:\/\/atakpetfood.com\/tr\/yenilikci-teknolojiler\/","og_site_name":"Atak Pet Food","article_modified_time":"2023-04-18T11:31:13+00:00","og_image":[{"url":"https:\/\/atakpetfood.com\/wp-content\/uploads\/2023\/04\/innovative-technologies.png"}],"twitter_card":"summary_large_image","schema":{"@context":"https:\/\/schema.org","@graph":[{"@type":"WebPage","@id":"https:\/\/atakpetfood.com\/innovative-technologies\/","url":"https:\/\/atakpetfood.com\/innovative-technologies\/","name":"Innovative Technologies - Atak Pet Food","isPartOf":{"@id":"https:\/\/atakpetfood.com\/#website"},"datePublished":"2023-04-17T12:25:33+00:00","dateModified":"2023-04-18T11:31:13+00:00","breadcrumb":{"@id":"https:\/\/atakpetfood.com\/innovative-technologies\/#breadcrumb"},"inLanguage":"tr","potentialAction":[{"@type":"ReadAction","target":["https:\/\/atakpetfood.com\/innovative-technologies\/"]}]},{"@type":"BreadcrumbList","@id":"https:\/\/atakpetfood.com\/innovative-technologies\/#breadcrumb","itemListElement":[{"@type":"ListItem","position":1,"name":"Home","item":"https:\/\/atakpetfood.com\/"},{"@type":"ListItem","position":2,"name":"Innovative Technologies"}]},{"@type":"WebSite","@id":"https:\/\/atakpetfood.com\/#website","url":"https:\/\/atakpetfood.com\/","name":"Atak Pet Food","description":"Atak Pet Food","publisher":{"@id":"https:\/\/atakpetfood.com\/#organization"},"potentialAction":[{"@type":"SearchAction","target":{"@type":"EntryPoint","urlTemplate":"https:\/\/atakpetfood.com\/?s={search_term_string}"},"query-input":"required name=search_term_string"}],"inLanguage":"tr"},{"@type":"Organization","@id":"https:\/\/atakpetfood.com\/#organization","name":"Atak Pet Food","url":"https:\/\/atakpetfood.com\/","logo":{"@type":"ImageObject","inLanguage":"tr","@id":"https:\/\/atakpetfood.com\/#\/schema\/logo\/image\/","url":"https:\/\/atakpetfood.com\/wp-content\/uploads\/2023\/04\/favicon.fw_.png","contentUrl":"https:\/\/atakpetfood.com\/wp-content\/uploads\/2023\/04\/favicon.fw_.png","width":512,"height":512,"caption":"Atak Pet Food"},"image":{"@id":"https:\/\/atakpetfood.com\/#\/schema\/logo\/image\/"}}]}},"_links":{"self":[{"href":"https:\/\/atakpetfood.com\/tr\/wp-json\/wp\/v2\/pages\/3048","targetHints":{"allow":["GET"]}}],"collection":[{"href":"https:\/\/atakpetfood.com\/tr\/wp-json\/wp\/v2\/pages"}],"about":[{"href":"https:\/\/atakpetfood.com\/tr\/wp-json\/wp\/v2\/types\/page"}],"author":[{"embeddable":true,"href":"https:\/\/atakpetfood.com\/tr\/wp-json\/wp\/v2\/users\/1"}],"replies":[{"embeddable":true,"href":"https:\/\/atakpetfood.com\/tr\/wp-json\/wp\/v2\/comments?post=3048"}],"version-history":[{"count":7,"href":"https:\/\/atakpetfood.com\/tr\/wp-json\/wp\/v2\/pages\/3048\/revisions"}],"predecessor-version":[{"id":3108,"href":"https:\/\/atakpetfood.com\/tr\/wp-json\/wp\/v2\/pages\/3048\/revisions\/3108"}],"wp:attachment":[{"href":"https:\/\/atakpetfood.com\/tr\/wp-json\/wp\/v2\/media?parent=3048"}],"curies":[{"name":"wp","href":"https:\/\/api.w.org\/{rel}","templated":true}]}}