{"id":3053,"date":"2023-04-17T15:29:19","date_gmt":"2023-04-17T12:29:19","guid":{"rendered":"https:\/\/atakpetfood.com\/?page_id=3053"},"modified":"2023-04-18T15:16:30","modified_gmt":"2023-04-18T12:16:30","slug":"sustainability","status":"publish","type":"page","link":"https:\/\/atakpetfood.com\/tr\/surdurulebilirlik\/","title":{"rendered":"S\u00fcrd\u00fcr\u00fclebilirlik"},"content":{"rendered":"<div data-elementor-type=\"wp-page\" data-elementor-id=\"3053\" class=\"elementor elementor-3053\">\n\t\t\t\t\t\t\t\t\t<div class=\"elementor-section elementor-top-section elementor-element elementor-element-11105c4 elementor-section-content-middle mb-10 elementor-reverse-mobile elementor-section-boxed elementor-section-height-default elementor-section-height-default\" data-id=\"11105c4\" data-element_type=\"section\" data-settings=\"{&quot;background_background&quot;:&quot;classic&quot;}\">\r\n\t\t\t\t\t\t\t\t<div class=\"elementor-container elementor-column-gap-default\">\r\n\t\t\t\t\r\n\t\t\t\t\t\t\t\t<div class=\"elementor-column elementor-col-50 elementor-top-column elementor-element elementor-element-70a2be5\" data-id=\"70a2be5\" data-element_type=\"column\">\r\n\r\n\t\t\t\t\r\n\t\t\t\t<div class=\"elementor-widget-wrap elementor-element-populated\">\r\n\t\t\t\t\t\t\t\t\t\t\r\n\t\t\t\t\t\t<div class=\"elementor-element elementor-element-b9326fc elementor-invisible elementor-widget elementor-widget-heading\" data-id=\"b9326fc\" data-element_type=\"widget\" data-settings=\"{&quot;_animation&quot;:&quot;fadeInUpShorter&quot;,&quot;_animation_delay&quot;:400}\" data-widget_type=\"heading.default\">\n\t\t\t\t<div class=\"elementor-widget-container\">\n\t\t\t<style>\/*! elementor - v3.12.2 - 23-04-2023 *\/\n.elementor-heading-title{padding:0;margin:0;line-height:1}.elementor-widget-heading .elementor-heading-title[class*=elementor-size-]>a{color:inherit;font-size:inherit;line-height:inherit}.elementor-widget-heading .elementor-heading-title.elementor-size-small{font-size:15px}.elementor-widget-heading .elementor-heading-title.elementor-size-medium{font-size:19px}.elementor-widget-heading .elementor-heading-title.elementor-size-large{font-size:29px}.elementor-widget-heading .elementor-heading-title.elementor-size-xl{font-size:39px}.elementor-widget-heading .elementor-heading-title.elementor-size-xxl{font-size:59px}<\/style><h2 class=\"elementor-heading-title elementor-size-default\">S\u00fcrd\u00fcr\u00fclebilirlik<\/h2>\t\t<\/div>\n\t\t\t\t<\/div>\n\t\t\t\t<div class=\"elementor-element elementor-element-01e17ad elementor-widget__width-initial elementor-widget-mobile__width-initial elementor-invisible elementor-widget elementor-widget-heading\" data-id=\"01e17ad\" data-element_type=\"widget\" data-settings=\"{&quot;_animation&quot;:&quot;fadeInUpShorter&quot;,&quot;_animation_delay&quot;:600}\" data-widget_type=\"heading.default\">\n\t\t\t\t<div class=\"elementor-widget-container\">\n\t\t\t<h3 class=\"elementor-heading-title elementor-size-default\">Atak, yenilik\u00e7i, do\u011fal ve zul\u00fcm i\u00e7ermeyen \u00e7\u00f6z\u00fcmleri ile evcil hayvanlar\u0131n refah\u0131n\u0131 ve beslenme sa\u011fl\u0131\u011f\u0131n\u0131 sa\u011flar. \u015eirket, kedi ve k\u00f6pekler i\u00e7in sa\u011fl\u0131kl\u0131 ve dengeli tarifler form\u00fcle eden \u00f6zel bir ekiple ara\u015ft\u0131rma ve geli\u015ftirmeye b\u00fcy\u00fck yat\u0131r\u0131m yap\u0131yor. <br><br>Atak, her evcil hayvan\u0131n cinsine, boyuna, ya\u015fam tarz\u0131na ve ya\u015f\u0131na ba\u011fl\u0131 olarak kendine \u00f6zg\u00fc ihtiya\u00e7lar\u0131 oldu\u011funun fark\u0131ndad\u0131r ve bu ihtiya\u00e7lar\u0131 do\u011fru protein, karbonhidrat, lipit, vitamin, mineral ve lif kar\u0131\u015f\u0131m\u0131yla kar\u015f\u0131lamaya \u00e7al\u0131\u015f\u0131r. Analiz laboratuvar\u0131, her evcil hayvan i\u00e7in m\u00fckemmel beslenmeyi olu\u015fturmak \u00fczere en iyi malzemeleri belirlemek i\u00e7in yorulmadan \u00e7al\u0131\u015f\u0131r.<\/h3>\t\t<\/div>\n\t\t\t\t<\/div>\n\t\t\t\t\t\t<\/div>\r\n\t\t\t\t<\/div>\r\n\t\t\t\t\t\t\t\t\t<div class=\"elementor-column elementor-col-50 elementor-top-column elementor-element elementor-element-240f928\" data-id=\"240f928\" data-element_type=\"column\">\r\n\r\n\t\t\t\t\r\n\t\t\t\t<div class=\"elementor-widget-wrap elementor-element-populated\">\r\n\t\t\t\t\t\t\t\t\t\t\r\n\t\t\t\t\t\t<div class=\"elementor-element elementor-element-100ccc9 elementor-invisible elementor-widget elementor-widget-image\" data-id=\"100ccc9\" data-element_type=\"widget\" data-settings=\"{&quot;_animation&quot;:&quot;fadeInRightShorter&quot;}\" data-widget_type=\"image.default\">\n\t\t\t\t<div class=\"elementor-widget-container\">\n\t\t\t<style>\/*! elementor - v3.12.2 - 23-04-2023 *\/\n.elementor-widget-image{text-align:center}.elementor-widget-image a{display:inline-block}.elementor-widget-image a img[src$=\".svg\"]{width:48px}.elementor-widget-image img{vertical-align:middle;display:inline-block}<\/style>\t\t\t\t\t\t\t\t\t\t\t\t<img decoding=\"async\" width=\"575\" height=\"725\" src=\"https:\/\/atakpetfood.com\/wp-content\/uploads\/2023\/04\/sustanability.png\" class=\"attachment-full size-full wp-image-3120\" alt=\"\" \/>\t\t\t\t\t\t\t\t\t\t\t\t\t\t\t<\/div>\n\t\t\t\t<\/div>\n\t\t\t\t\t\t<\/div>\r\n\t\t\t\t<\/div>\r\n\t\t\t\t\t\t\t\t<\/div>\r\n\t\t\t<\/div>\r\n\t\t\t\t\t<section class=\"elementor-section elementor-top-section elementor-element elementor-element-3eff23f elementor-section-boxed elementor-section-height-default elementor-section-height-default\" data-id=\"3eff23f\" data-element_type=\"section\">\r\n\t\t\t\t\t\t\t\t<div class=\"elementor-container elementor-column-gap-default\">\r\n\t\t\t\t\r\n\t\t\t\t\t\t\t\t<div class=\"elementor-column elementor-col-100 elementor-top-column elementor-element elementor-element-5949751\" data-id=\"5949751\" data-element_type=\"column\">\r\n\r\n\t\t\t\t\r\n\t\t\t\t<div class=\"elementor-widget-wrap elementor-element-populated\">\r\n\t\t\t\t\t\t\t\t\t\t\r\n\t\t\t\t\t\t<div class=\"elementor-element elementor-element-2e282ee elementor-widget elementor-widget-text-editor\" data-id=\"2e282ee\" data-element_type=\"widget\" data-widget_type=\"text-editor.default\">\n\t\t\t\t<div class=\"elementor-widget-container\">\n\t\t\t<style>\/*! elementor - v3.12.2 - 23-04-2023 *\/\n.elementor-widget-text-editor.elementor-drop-cap-view-stacked .elementor-drop-cap{background-color:#69727d;color:#fff}.elementor-widget-text-editor.elementor-drop-cap-view-framed .elementor-drop-cap{color:#69727d;border:3px solid;background-color:transparent}.elementor-widget-text-editor:not(.elementor-drop-cap-view-default) .elementor-drop-cap{margin-top:8px}.elementor-widget-text-editor:not(.elementor-drop-cap-view-default) .elementor-drop-cap-letter{width:1em;height:1em}.elementor-widget-text-editor .elementor-drop-cap{float:left;text-align:center;line-height:1;font-size:50px}.elementor-widget-text-editor .elementor-drop-cap-letter{display:inline-block}<\/style>\t\t\t\t<h4><strong>S\u00fcrd\u00fcr\u00fclebilirlik<\/strong><\/h4><p>Atak, a\u015fa\u011f\u0131dakiler gibi \u00e7e\u015fitli politikalar yoluyla s\u00fcrd\u00fcr\u00fclebilir ekonomik kalk\u0131nmaya kendini adam\u0131\u015ft\u0131r:<\/p><ul><li>Sonsuz geri d\u00f6n\u00fc\u015ft\u00fcr\u00fclebilir teneke ve tepsiler kullanma<\/li><li>\u00dcretim s\u00fcre\u00e7leri i\u00e7in kojenerasyon ve t\u00fcrbinden 90%&#039;nin \u00fczerinde buhar geri kazan\u0131m\u0131<\/li><li>S\u00fcrekli sterilizat\u00f6r ve t\u00fcrbin \u0131s\u0131 geri kazan\u0131m\u0131ndan elde edilen s\u0131cak su ile t\u00fcm fabrikan\u0131n \u0131s\u0131t\u0131lmas\u0131<\/li><li>Fabrika taraf\u0131ndan \u00fcretilen at\u0131klar\u0131n \u00e7o\u011funu ay\u0131rmak ve geri d\u00f6n\u00fc\u015ft\u00fcrmek<\/li><li>Kamyon filosunu s\u0131v\u0131 metan gaz\u0131yla \u00e7al\u0131\u015fan ara\u00e7lar\u0131 i\u00e7erecek \u015fekilde geni\u015fletmek.<\/li><\/ul><p>Atak, hammaddelerini s\u00fcrd\u00fcr\u00fclebilir uygulamalara ba\u011fl\u0131 kalan ve hayvan refah\u0131n\u0131 \u00f6n planda tutan tedarik\u00e7ilerden temin etmektedir.<\/p><ul><li>\u015eirket, \u00fcretim s\u00fcre\u00e7lerinde ya\u011fmur suyu kullan\u0131m\u0131 ve at\u0131k su geri d\u00f6n\u00fc\u015f\u00fcm\u00fc gibi su tasarrufu \u00f6nlemlerini hayata ge\u00e7irdi.<\/li><li>Atak, s\u00fcrd\u00fcr\u00fclebilirli\u011fi te\u015fvik eden kurulu\u015flarla ortakl\u0131k kurarak ve \u00e7evre e\u011fitimi programlar\u0131na sponsor olarak yerel topluluklar\u0131 desteklemektedir.<\/li><li>\u015eirket, karbon ayak izini azaltmak i\u00e7in hedefler belirledi ve karbon n\u00f6tr olma yolunda \u00e7al\u0131\u015f\u0131yor.<\/li><li>Atak, ka\u011f\u0131t ve karton ambalajlar\u0131 i\u00e7in ISO 14001 (\u00c7evre Y\u00f6netimi) ve FSC (Orman Y\u00f6netim Konseyi) sertifikalar\u0131 gibi s\u00fcrd\u00fcr\u00fclebilirlik taahh\u00fcd\u00fcn\u00fc kan\u0131tlayan \u00e7e\u015fitli sertifikalar alm\u0131\u015ft\u0131r.<\/li><li>\u00dcretim s\u00fcre\u00e7lerimizi optimize ederek ve m\u00fcmk\u00fcn olan her yerde enerji t\u00fcketimini azaltarak karbon ayak izimizi azaltmaya \u00f6ncelik veriyoruz.<\/li><li>S\u00fcrd\u00fcr\u00fclebilirlik ve etik i\u015f uygulamalar\u0131 taahh\u00fcd\u00fcm\u00fcz\u00fc payla\u015fan tedarik\u00e7iler ve bayilerle aktif olarak ortakl\u0131klar ar\u0131yoruz.<\/li><li>Ambalajlar\u0131m\u0131z, m\u00fcmk\u00fcn oldu\u011funda geri d\u00f6n\u00fc\u015ft\u00fcr\u00fclebilir, biyolojik olarak par\u00e7alanabilir veya kompostlanabilir malzemeler kullan\u0131larak s\u00fcrd\u00fcr\u00fclebilirlik g\u00f6z \u00f6n\u00fcnde bulundurularak tasarlanm\u0131\u015ft\u0131r.<\/li><li>\u00c7al\u0131\u015fanlar\u0131m\u0131z\u0131 hem i\u015fte hem de \u00f6zel ya\u015famlar\u0131nda s\u00fcrd\u00fcr\u00fclebilirlik giri\u015fimlerine kat\u0131lmaya te\u015fvik ediyor ve bu \u00e7abalar\u0131 desteklemek i\u00e7in e\u011fitim kaynaklar\u0131 sa\u011fl\u0131yoruz.<\/li><li>S\u00fcrd\u00fcr\u00fclebilirlik \u00e7abalar\u0131m\u0131z\u0131 d\u00fczenli olarak de\u011ferlendiriyor ve enerji kullan\u0131m\u0131, at\u0131k azaltma ve sorumlu kaynak kullan\u0131m\u0131 gibi alanlarda s\u00fcrekli iyile\u015ftirme i\u00e7in hedefler belirliyoruz.<\/li><\/ul>\t\t\t\t\t\t<\/div>\n\t\t\t\t<\/div>\n\t\t\t\t\t\t<\/div>\r\n\t\t\t\t<\/div>\r\n\t\t\t\t\t\t\t\t<\/div>\r\n\t\t\t<\/section>\r\n\t\t\t\t\t\t\t\t<\/div>","protected":false},"excerpt":{"rendered":"<p>Sustainability Atak ensures the well-being and nutritional health of pets through its innovative, natural, and cruelty-free solutions. The company invests heavily in research and development, with a dedicated team formulating healthy and balanced recipes for cats and dogs. Atak recognizes that each pet has unique needs based on breed, size, lifestyle, and age, and strives [&hellip;]<\/p>","protected":false},"author":1,"featured_media":0,"parent":0,"menu_order":0,"comment_status":"closed","ping_status":"closed","template":"","meta":{"footnotes":""},"class_list":["post-3053","page","type-page","status-publish","hentry"],"acf":[],"yoast_head":"<!-- This site is optimized with the Yoast SEO plugin v20.8 - https:\/\/yoast.com\/wordpress\/plugins\/seo\/ -->\n<title>Sustainability - Atak Pet Food<\/title>\n<meta name=\"robots\" content=\"index, follow, max-snippet:-1, max-image-preview:large, max-video-preview:-1\" \/>\n<link rel=\"canonical\" href=\"https:\/\/atakpetfood.com\/tr\/surdurulebilirlik\/\" \/>\n<meta property=\"og:locale\" content=\"tr_TR\" \/>\n<meta property=\"og:type\" content=\"article\" \/>\n<meta property=\"og:title\" content=\"Sustainability - Atak Pet Food\" \/>\n<meta property=\"og:description\" content=\"Sustainability Atak ensures the well-being and nutritional health of pets through its innovative, natural, and cruelty-free solutions. The company invests heavily in research and development, with a dedicated team formulating healthy and balanced recipes for cats and dogs. Atak recognizes that each pet has unique needs based on breed, size, lifestyle, and age, and strives [&hellip;]\" \/>\n<meta property=\"og:url\" content=\"https:\/\/atakpetfood.com\/tr\/surdurulebilirlik\/\" \/>\n<meta property=\"og:site_name\" content=\"Atak Pet Food\" \/>\n<meta property=\"article:modified_time\" content=\"2023-04-18T12:16:30+00:00\" \/>\n<meta property=\"og:image\" content=\"https:\/\/atakpetfood.com\/wp-content\/uploads\/2023\/04\/sustanability.png\" \/>\n<meta name=\"twitter:card\" content=\"summary_large_image\" \/>\n<meta name=\"twitter:label1\" content=\"Tahmini okuma s\u00fcresi\" \/>\n\t<meta name=\"twitter:data1\" content=\"2 dakika\" \/>\n<script type=\"application\/ld+json\" class=\"yoast-schema-graph\">{\"@context\":\"https:\/\/schema.org\",\"@graph\":[{\"@type\":\"WebPage\",\"@id\":\"https:\/\/atakpetfood.com\/sustainability\/\",\"url\":\"https:\/\/atakpetfood.com\/sustainability\/\",\"name\":\"Sustainability - Atak Pet Food\",\"isPartOf\":{\"@id\":\"https:\/\/atakpetfood.com\/#website\"},\"datePublished\":\"2023-04-17T12:29:19+00:00\",\"dateModified\":\"2023-04-18T12:16:30+00:00\",\"breadcrumb\":{\"@id\":\"https:\/\/atakpetfood.com\/sustainability\/#breadcrumb\"},\"inLanguage\":\"tr\",\"potentialAction\":[{\"@type\":\"ReadAction\",\"target\":[\"https:\/\/atakpetfood.com\/sustainability\/\"]}]},{\"@type\":\"BreadcrumbList\",\"@id\":\"https:\/\/atakpetfood.com\/sustainability\/#breadcrumb\",\"itemListElement\":[{\"@type\":\"ListItem\",\"position\":1,\"name\":\"Home\",\"item\":\"https:\/\/atakpetfood.com\/\"},{\"@type\":\"ListItem\",\"position\":2,\"name\":\"Sustainability\"}]},{\"@type\":\"WebSite\",\"@id\":\"https:\/\/atakpetfood.com\/#website\",\"url\":\"https:\/\/atakpetfood.com\/\",\"name\":\"Atak Pet Food\",\"description\":\"Atak Pet Food\",\"publisher\":{\"@id\":\"https:\/\/atakpetfood.com\/#organization\"},\"potentialAction\":[{\"@type\":\"SearchAction\",\"target\":{\"@type\":\"EntryPoint\",\"urlTemplate\":\"https:\/\/atakpetfood.com\/?s={search_term_string}\"},\"query-input\":\"required name=search_term_string\"}],\"inLanguage\":\"tr\"},{\"@type\":\"Organization\",\"@id\":\"https:\/\/atakpetfood.com\/#organization\",\"name\":\"Atak Pet Food\",\"url\":\"https:\/\/atakpetfood.com\/\",\"logo\":{\"@type\":\"ImageObject\",\"inLanguage\":\"tr\",\"@id\":\"https:\/\/atakpetfood.com\/#\/schema\/logo\/image\/\",\"url\":\"https:\/\/atakpetfood.com\/wp-content\/uploads\/2023\/04\/favicon.fw_.png\",\"contentUrl\":\"https:\/\/atakpetfood.com\/wp-content\/uploads\/2023\/04\/favicon.fw_.png\",\"width\":512,\"height\":512,\"caption\":\"Atak Pet Food\"},\"image\":{\"@id\":\"https:\/\/atakpetfood.com\/#\/schema\/logo\/image\/\"}}]}<\/script>\n<!-- \/ Yoast SEO plugin. -->","yoast_head_json":{"title":"Sustainability - Atak Pet Food","robots":{"index":"index","follow":"follow","max-snippet":"max-snippet:-1","max-image-preview":"max-image-preview:large","max-video-preview":"max-video-preview:-1"},"canonical":"https:\/\/atakpetfood.com\/tr\/surdurulebilirlik\/","og_locale":"tr_TR","og_type":"article","og_title":"Sustainability - Atak Pet Food","og_description":"Sustainability Atak ensures the well-being and nutritional health of pets through its innovative, natural, and cruelty-free solutions. The company invests heavily in research and development, with a dedicated team formulating healthy and balanced recipes for cats and dogs. Atak recognizes that each pet has unique needs based on breed, size, lifestyle, and age, and strives [&hellip;]","og_url":"https:\/\/atakpetfood.com\/tr\/surdurulebilirlik\/","og_site_name":"Atak Pet Food","article_modified_time":"2023-04-18T12:16:30+00:00","og_image":[{"url":"https:\/\/atakpetfood.com\/wp-content\/uploads\/2023\/04\/sustanability.png"}],"twitter_card":"summary_large_image","twitter_misc":{"Tahmini okuma s\u00fcresi":"2 dakika"},"schema":{"@context":"https:\/\/schema.org","@graph":[{"@type":"WebPage","@id":"https:\/\/atakpetfood.com\/sustainability\/","url":"https:\/\/atakpetfood.com\/sustainability\/","name":"Sustainability - Atak Pet Food","isPartOf":{"@id":"https:\/\/atakpetfood.com\/#website"},"datePublished":"2023-04-17T12:29:19+00:00","dateModified":"2023-04-18T12:16:30+00:00","breadcrumb":{"@id":"https:\/\/atakpetfood.com\/sustainability\/#breadcrumb"},"inLanguage":"tr","potentialAction":[{"@type":"ReadAction","target":["https:\/\/atakpetfood.com\/sustainability\/"]}]},{"@type":"BreadcrumbList","@id":"https:\/\/atakpetfood.com\/sustainability\/#breadcrumb","itemListElement":[{"@type":"ListItem","position":1,"name":"Home","item":"https:\/\/atakpetfood.com\/"},{"@type":"ListItem","position":2,"name":"Sustainability"}]},{"@type":"WebSite","@id":"https:\/\/atakpetfood.com\/#website","url":"https:\/\/atakpetfood.com\/","name":"Atak Pet Food","description":"Atak Pet Food","publisher":{"@id":"https:\/\/atakpetfood.com\/#organization"},"potentialAction":[{"@type":"SearchAction","target":{"@type":"EntryPoint","urlTemplate":"https:\/\/atakpetfood.com\/?s={search_term_string}"},"query-input":"required name=search_term_string"}],"inLanguage":"tr"},{"@type":"Organization","@id":"https:\/\/atakpetfood.com\/#organization","name":"Atak Pet Food","url":"https:\/\/atakpetfood.com\/","logo":{"@type":"ImageObject","inLanguage":"tr","@id":"https:\/\/atakpetfood.com\/#\/schema\/logo\/image\/","url":"https:\/\/atakpetfood.com\/wp-content\/uploads\/2023\/04\/favicon.fw_.png","contentUrl":"https:\/\/atakpetfood.com\/wp-content\/uploads\/2023\/04\/favicon.fw_.png","width":512,"height":512,"caption":"Atak Pet Food"},"image":{"@id":"https:\/\/atakpetfood.com\/#\/schema\/logo\/image\/"}}]}},"_links":{"self":[{"href":"https:\/\/atakpetfood.com\/tr\/wp-json\/wp\/v2\/pages\/3053","targetHints":{"allow":["GET"]}}],"collection":[{"href":"https:\/\/atakpetfood.com\/tr\/wp-json\/wp\/v2\/pages"}],"about":[{"href":"https:\/\/atakpetfood.com\/tr\/wp-json\/wp\/v2\/types\/page"}],"author":[{"embeddable":true,"href":"https:\/\/atakpetfood.com\/tr\/wp-json\/wp\/v2\/users\/1"}],"replies":[{"embeddable":true,"href":"https:\/\/atakpetfood.com\/tr\/wp-json\/wp\/v2\/comments?post=3053"}],"version-history":[{"count":7,"href":"https:\/\/atakpetfood.com\/tr\/wp-json\/wp\/v2\/pages\/3053\/revisions"}],"predecessor-version":[{"id":3123,"href":"https:\/\/atakpetfood.com\/tr\/wp-json\/wp\/v2\/pages\/3053\/revisions\/3123"}],"wp:attachment":[{"href":"https:\/\/atakpetfood.com\/tr\/wp-json\/wp\/v2\/media?parent=3053"}],"curies":[{"name":"wp","href":"https:\/\/api.w.org\/{rel}","templated":true}]}}