{"id":8,"date":"2021-09-30T18:44:04","date_gmt":"2021-09-30T15:44:04","guid":{"rendered":"https:\/\/d-themes.com\/wordpress\/udesign\/dummy\/health-coach\/?page_id=8"},"modified":"2023-04-15T15:33:51","modified_gmt":"2023-04-15T12:33:51","slug":"about-us","status":"publish","type":"page","link":"https:\/\/atakpetfood.com\/tr\/hakkimizda\/","title":{"rendered":"Hakk\u0131m\u0131zda"},"content":{"rendered":"<div data-elementor-type=\"wp-page\" data-elementor-id=\"8\" class=\"elementor elementor-8\">\n\t\t\t\t\t\t\t\t\t<div class=\"elementor-section elementor-top-section elementor-element elementor-element-fdb8937 elementor-section-content-middle mb-10 elementor-reverse-mobile elementor-section-boxed elementor-section-height-default elementor-section-height-default\" data-id=\"fdb8937\" data-element_type=\"section\" data-settings=\"{&quot;background_background&quot;:&quot;classic&quot;}\">\r\n\t\t\t\t\t\t\t\t<div class=\"elementor-container elementor-column-gap-default\">\r\n\t\t\t\t\r\n\t\t\t\t\t\t\t\t<div class=\"elementor-column elementor-col-50 elementor-top-column elementor-element elementor-element-981aef7\" data-id=\"981aef7\" data-element_type=\"column\">\r\n\r\n\t\t\t\t\r\n\t\t\t\t<div class=\"elementor-widget-wrap elementor-element-populated\">\r\n\t\t\t\t\t\t\t\t\t\t\r\n\t\t\t\t\t\t<div class=\"elementor-element elementor-element-293ce68 elementor-invisible elementor-widget elementor-widget-heading\" data-id=\"293ce68\" data-element_type=\"widget\" data-settings=\"{&quot;_animation&quot;:&quot;fadeInUpShorter&quot;,&quot;_animation_delay&quot;:400}\" data-widget_type=\"heading.default\">\n\t\t\t\t<div class=\"elementor-widget-container\">\n\t\t\t<style>\/*! elementor - v3.12.2 - 23-04-2023 *\/\n.elementor-heading-title{padding:0;margin:0;line-height:1}.elementor-widget-heading .elementor-heading-title[class*=elementor-size-]>a{color:inherit;font-size:inherit;line-height:inherit}.elementor-widget-heading .elementor-heading-title.elementor-size-small{font-size:15px}.elementor-widget-heading .elementor-heading-title.elementor-size-medium{font-size:19px}.elementor-widget-heading .elementor-heading-title.elementor-size-large{font-size:29px}.elementor-widget-heading .elementor-heading-title.elementor-size-xl{font-size:39px}.elementor-widget-heading .elementor-heading-title.elementor-size-xxl{font-size:59px}<\/style><h2 class=\"elementor-heading-title elementor-size-default\"><span class=\"text-primary\">Hakk\u0131m\u0131zda<\/span><\/h2>\t\t<\/div>\n\t\t\t\t<\/div>\n\t\t\t\t<div class=\"elementor-element elementor-element-3f9c11a elementor-widget__width-initial elementor-widget-mobile__width-initial elementor-invisible elementor-widget elementor-widget-heading\" data-id=\"3f9c11a\" data-element_type=\"widget\" data-settings=\"{&quot;_animation&quot;:&quot;fadeInUpShorter&quot;,&quot;_animation_delay&quot;:600}\" data-widget_type=\"heading.default\">\n\t\t\t\t<div class=\"elementor-widget-container\">\n\t\t\t<h3 class=\"elementor-heading-title elementor-size-default\">Atak Pet Food T\u00fcrkiye&#039;de bulunuyor ve d\u00f6rt y\u0131ld\u0131r faaliyet g\u00f6steriyoruz. K\u0131sa s\u00fcrede b\u00f6lgenin \u00f6nde gelen ya\u015f evcil hayvan mamas\u0131 \u00fcreticilerinden biri haline geldik. Fabrikam\u0131z tam otomasyonludur ve en son teknoloji ile donat\u0131lm\u0131\u015ft\u0131r, bu da en y\u00fcksek kalite ve g\u00fcvenlik standartlar\u0131nda evcil hayvan mamas\u0131 \u00fcr\u00fcnleri \u00fcretmemizi sa\u011flar. Ayl\u0131k 7 milyon po\u015fet ve 5 milyon kutu \u00fcretim kapasitemiz, bizi T\u00fcrkiye&#039;nin en b\u00fcy\u00fck evcil hayvan mamas\u0131 \u00fcreticilerinden biri yapmaktad\u0131r.<\/h3>\t\t<\/div>\n\t\t\t\t<\/div>\n\t\t\t\t\t\t<\/div>\r\n\t\t\t\t<\/div>\r\n\t\t\t\t\t\t\t\t\t<div class=\"elementor-column elementor-col-50 elementor-top-column elementor-element elementor-element-e6ccbf2\" data-id=\"e6ccbf2\" data-element_type=\"column\">\r\n\r\n\t\t\t\t\r\n\t\t\t\t<div class=\"elementor-widget-wrap elementor-element-populated\">\r\n\t\t\t\t\t\t\t\t\t\t\r\n\t\t\t\t\t\t<div class=\"elementor-element elementor-element-dfa7ee3 elementor-invisible elementor-widget elementor-widget-image\" data-id=\"dfa7ee3\" data-element_type=\"widget\" data-settings=\"{&quot;_animation&quot;:&quot;fadeInRightShorter&quot;}\" data-widget_type=\"image.default\">\n\t\t\t\t<div class=\"elementor-widget-container\">\n\t\t\t<style>\/*! elementor - v3.12.2 - 23-04-2023 *\/\n.elementor-widget-image{text-align:center}.elementor-widget-image a{display:inline-block}.elementor-widget-image a img[src$=\".svg\"]{width:48px}.elementor-widget-image img{vertical-align:middle;display:inline-block}<\/style>\t\t\t\t\t\t\t\t\t\t\t\t<img decoding=\"async\" width=\"575\" height=\"725\" src=\"https:\/\/atakpetfood.com\/wp-content\/uploads\/2023\/04\/About-Us-Home-Page-1.jpg\" class=\"attachment-full size-full wp-image-2731\" alt=\"\" \/>\t\t\t\t\t\t\t\t\t\t\t\t\t\t\t<\/div>\n\t\t\t\t<\/div>\n\t\t\t\t\t\t<\/div>\r\n\t\t\t\t<\/div>\r\n\t\t\t\t\t\t\t\t<\/div>\r\n\t\t\t<\/div>\r\n\t\t\t\t\t<section class=\"elementor-section elementor-top-section elementor-element elementor-element-fcd06a0 elementor-section-boxed elementor-section-height-default elementor-section-height-default\" data-id=\"fcd06a0\" data-element_type=\"section\">\r\n\t\t\t\t\t\t\t\t<div class=\"elementor-container elementor-column-gap-default\">\r\n\t\t\t\t\r\n\t\t\t\t\t\t\t\t<div class=\"elementor-column elementor-col-100 elementor-top-column elementor-element elementor-element-b70b0c8\" data-id=\"b70b0c8\" data-element_type=\"column\">\r\n\r\n\t\t\t\t\r\n\t\t\t\t<div class=\"elementor-widget-wrap elementor-element-populated\">\r\n\t\t\t\t\t\t\t\t\t\t\r\n\t\t\t\t\t\t<div class=\"elementor-element elementor-element-08d2e77 elementor-widget elementor-widget-heading\" data-id=\"08d2e77\" data-element_type=\"widget\" data-widget_type=\"heading.default\">\n\t\t\t\t<div class=\"elementor-widget-container\">\n\t\t\t<h3 class=\"elementor-heading-title elementor-size-default\">Bizim hikayemiz<\/h3>\t\t<\/div>\n\t\t\t\t<\/div>\n\t\t\t\t<div class=\"elementor-element elementor-element-acfc485 elementor-widget elementor-widget-text-editor\" data-id=\"acfc485\" data-element_type=\"widget\" data-widget_type=\"text-editor.default\">\n\t\t\t\t<div class=\"elementor-widget-container\">\n\t\t\t<style>\/*! elementor - v3.12.2 - 23-04-2023 *\/\n.elementor-widget-text-editor.elementor-drop-cap-view-stacked .elementor-drop-cap{background-color:#69727d;color:#fff}.elementor-widget-text-editor.elementor-drop-cap-view-framed .elementor-drop-cap{color:#69727d;border:3px solid;background-color:transparent}.elementor-widget-text-editor:not(.elementor-drop-cap-view-default) .elementor-drop-cap{margin-top:8px}.elementor-widget-text-editor:not(.elementor-drop-cap-view-default) .elementor-drop-cap-letter{width:1em;height:1em}.elementor-widget-text-editor .elementor-drop-cap{float:left;text-align:center;line-height:1;font-size:50px}.elementor-widget-text-editor .elementor-drop-cap-letter{display:inline-block}<\/style>\t\t\t\t<p>Hikayemiz, her yerde evcil hayvan sahipleri i\u00e7in hem uygun fiyatl\u0131 hem de eri\u015filebilir olan y\u00fcksek kaliteli, besleyici evcil hayvan mamas\u0131 se\u00e7eneklerine duyulan ihtiyac\u0131 fark eden bir grup tutkulu evcil hayvan severle ba\u015flad\u0131. K\u00f6peklerin ve kedilerin beslenme ihtiya\u00e7lar\u0131n\u0131 kar\u015f\u0131layan m\u00fckemmel form\u00fclleri geli\u015ftirene kadar farkl\u0131 tarifler ve malzemelerle deneme yapmam\u0131za izin veren k\u00fc\u00e7\u00fck bir \u00fcretim tesisiyle ba\u015flad\u0131k. Kaliteye ve yenili\u011fe olan ba\u011fl\u0131l\u0131\u011f\u0131m\u0131z k\u0131sa s\u00fcrede kar\u015f\u0131l\u0131\u011f\u0131n\u0131 verdi ve \u00e7ok ge\u00e7meden orijinal tesisimizi geride b\u0131rakt\u0131k.<\/p><p>Fabrikam\u0131z bug\u00fcn T\u00fcrkiye&#039;nin tek ya\u015f g\u0131da \u00fcretim tesisi olmas\u0131n\u0131n yan\u0131nda d\u00fcnyan\u0131n da en modern tesislerinden biridir. Y\u00fcksek kaliteli malzemelerin tedarik edilmesinden paketleme ve da\u011f\u0131t\u0131ma kadar \u00fcretim s\u00fcrecinin her y\u00f6n\u00fcn\u00fc izlememize ve kontrol etmemize olanak tan\u0131yan en son teknolojiye yat\u0131r\u0131m yapt\u0131k. Otomasyon taahh\u00fcd\u00fcm\u00fcz, evcil hayvan mamas\u0131 \u00fcr\u00fcnlerimizin kalite ve lezzet a\u00e7\u0131s\u0131ndan tutarl\u0131 olmas\u0131n\u0131 sa\u011flayarak, bizi sekt\u00f6rdeki en g\u00fcvenilir evcil hayvan mamas\u0131 \u00fcreticilerinden biri yapmaktad\u0131r.<\/p><p>Atak olarak, lezzetin evcil hayvanlar\u0131 sa\u011fl\u0131kl\u0131 ve mutlu tutman\u0131n anahtar\u0131 oldu\u011funu anl\u0131yoruz. Bu nedenle evcil hayvan g\u0131da \u00fcr\u00fcnlerimizin tatlar\u0131na ve dokular\u0131na b\u00fcy\u00fck \u00f6nem veriyoruz. Lezzetimiz m\u00fckemmel ve evcil hayvanlar\u0131n farkl\u0131 damak tatlar\u0131na hitap etmek i\u00e7in s\u00fcrekli olarak yeni tatlar ara\u015ft\u0131r\u0131yor ve geli\u015ftiriyoruz. Malzemelerimizi g\u00fcvenilir tedarik\u00e7ilerden al\u0131yoruz ve uzmanlardan olu\u015fan ekibimiz, her bile\u015fenin en y\u00fcksek kalitede olmas\u0131n\u0131 ve kat\u0131 g\u00fcvenlik ve beslenme standartlar\u0131m\u0131z\u0131 kar\u015f\u0131lamas\u0131n\u0131 sa\u011fl\u0131yor.<\/p><p>Son d\u00f6rt y\u0131lda, yaln\u0131zca besleyici de\u011fil ayn\u0131 zamanda lezzetli olan \u00f6zel etiketli evcil hayvan mamas\u0131 \u00fcr\u00fcnleri sa\u011flama konusunda bir itibar kazand\u0131k. Kaliteye ve yenili\u011fe olan ba\u011fl\u0131l\u0131\u011f\u0131m\u0131z, T\u00fcrkiye&#039;de ve D\u00fcnya&#039;da \u00f6nde gelen bir\u00e7ok evcil hayvan mamas\u0131 markas\u0131n\u0131n bize g\u00fcvenini kazand\u0131rm\u0131\u015ft\u0131r. \u00d6zel gereksinimlerini ve m\u00fc\u015fterilerinin ihtiya\u00e7lar\u0131n\u0131 kar\u015f\u0131layan \u00f6zel form\u00fclasyonlar geli\u015ftirmek i\u00e7in m\u00fc\u015fterilerimizle yak\u0131n bir \u015fekilde \u00e7al\u0131\u015f\u0131yoruz.<\/p><p>Gelece\u011fe bakt\u0131\u011f\u0131m\u0131zda, end\u00fcstrinin \u00f6n saflar\u0131nda yer almak i\u00e7in fabrikam\u0131za ve uzman ekibimize yat\u0131r\u0131m yapmaya devam etmeye kararl\u0131y\u0131z. \u00d6n\u00fcm\u00fczdeki f\u0131rsatlar konusunda heyecanl\u0131y\u0131z ve d\u00fcnyan\u0131n d\u00f6rt bir yan\u0131ndaki evcil hayvanlar i\u00e7in y\u00fcksek kaliteli, besleyici ve lezzetli \u0131slak evcil hayvan mamas\u0131 \u00fcr\u00fcnleri sa\u011flamaya devam etmeyi d\u00f6rt g\u00f6zle bekliyoruz. Hedefimiz, sekt\u00f6re liderlik etmeye devam etmek ve evcil hayvan mamas\u0131 pazar\u0131nda bilinen bir isim olmakt\u0131r.<\/p>\t\t\t\t\t\t<\/div>\n\t\t\t\t<\/div>\n\t\t\t\t\t\t<\/div>\r\n\t\t\t\t<\/div>\r\n\t\t\t\t\t\t\t\t<\/div>\r\n\t\t\t<\/section>\r\n\t\t\t\t\t\t\t\t<\/div>","protected":false},"excerpt":{"rendered":"<p>About Us Atak Pet Food is located in Turkey, and we have been in operation for four years. In a short span of time, we have established ourselves as one of the leading wet pet food manufacturers in the region. Our factory is fully automated and equipped with state-of-the-art technology, enabling us to produce pet [&hellip;]<\/p>","protected":false},"author":1,"featured_media":0,"parent":0,"menu_order":0,"comment_status":"closed","ping_status":"closed","template":"","meta":{"footnotes":""},"class_list":["post-8","page","type-page","status-publish","hentry"],"acf":[],"yoast_head":"<!-- This site is optimized with the Yoast SEO plugin v20.8 - https:\/\/yoast.com\/wordpress\/plugins\/seo\/ -->\n<title>About Us - Atak Pet Food<\/title>\n<meta name=\"robots\" content=\"index, follow, max-snippet:-1, max-image-preview:large, max-video-preview:-1\" \/>\n<link rel=\"canonical\" href=\"https:\/\/atakpetfood.com\/tr\/hakkimizda\/\" \/>\n<meta property=\"og:locale\" content=\"tr_TR\" \/>\n<meta property=\"og:type\" content=\"article\" \/>\n<meta property=\"og:title\" content=\"About Us - Atak Pet Food\" \/>\n<meta property=\"og:description\" content=\"About Us Atak Pet Food is located in Turkey, and we have been in operation for four years. In a short span of time, we have established ourselves as one of the leading wet pet food manufacturers in the region. Our factory is fully automated and equipped with state-of-the-art technology, enabling us to produce pet [&hellip;]\" \/>\n<meta property=\"og:url\" content=\"https:\/\/atakpetfood.com\/tr\/hakkimizda\/\" \/>\n<meta property=\"og:site_name\" content=\"Atak Pet Food\" \/>\n<meta property=\"article:modified_time\" content=\"2023-04-15T12:33:51+00:00\" \/>\n<meta property=\"og:image\" content=\"https:\/\/atakpetfood.com\/wp-content\/uploads\/2023\/04\/About-Us-Home-Page-1.jpg\" \/>\n<meta name=\"twitter:card\" content=\"summary_large_image\" \/>\n<meta name=\"twitter:label1\" content=\"Tahmini okuma s\u00fcresi\" \/>\n\t<meta name=\"twitter:data1\" content=\"2 dakika\" \/>\n<script type=\"application\/ld+json\" class=\"yoast-schema-graph\">{\"@context\":\"https:\/\/schema.org\",\"@graph\":[{\"@type\":\"WebPage\",\"@id\":\"https:\/\/atakpetfood.com\/about-us\/\",\"url\":\"https:\/\/atakpetfood.com\/about-us\/\",\"name\":\"About Us - Atak Pet Food\",\"isPartOf\":{\"@id\":\"https:\/\/atakpetfood.com\/#website\"},\"datePublished\":\"2021-09-30T15:44:04+00:00\",\"dateModified\":\"2023-04-15T12:33:51+00:00\",\"breadcrumb\":{\"@id\":\"https:\/\/atakpetfood.com\/about-us\/#breadcrumb\"},\"inLanguage\":\"tr\",\"potentialAction\":[{\"@type\":\"ReadAction\",\"target\":[\"https:\/\/atakpetfood.com\/about-us\/\"]}]},{\"@type\":\"BreadcrumbList\",\"@id\":\"https:\/\/atakpetfood.com\/about-us\/#breadcrumb\",\"itemListElement\":[{\"@type\":\"ListItem\",\"position\":1,\"name\":\"Home\",\"item\":\"https:\/\/atakpetfood.com\/\"},{\"@type\":\"ListItem\",\"position\":2,\"name\":\"About Us\"}]},{\"@type\":\"WebSite\",\"@id\":\"https:\/\/atakpetfood.com\/#website\",\"url\":\"https:\/\/atakpetfood.com\/\",\"name\":\"Atak Pet Food\",\"description\":\"Atak Pet Food\",\"publisher\":{\"@id\":\"https:\/\/atakpetfood.com\/#organization\"},\"potentialAction\":[{\"@type\":\"SearchAction\",\"target\":{\"@type\":\"EntryPoint\",\"urlTemplate\":\"https:\/\/atakpetfood.com\/?s={search_term_string}\"},\"query-input\":\"required name=search_term_string\"}],\"inLanguage\":\"tr\"},{\"@type\":\"Organization\",\"@id\":\"https:\/\/atakpetfood.com\/#organization\",\"name\":\"Atak Pet Food\",\"url\":\"https:\/\/atakpetfood.com\/\",\"logo\":{\"@type\":\"ImageObject\",\"inLanguage\":\"tr\",\"@id\":\"https:\/\/atakpetfood.com\/#\/schema\/logo\/image\/\",\"url\":\"https:\/\/atakpetfood.com\/wp-content\/uploads\/2023\/04\/favicon.fw_.png\",\"contentUrl\":\"https:\/\/atakpetfood.com\/wp-content\/uploads\/2023\/04\/favicon.fw_.png\",\"width\":512,\"height\":512,\"caption\":\"Atak Pet Food\"},\"image\":{\"@id\":\"https:\/\/atakpetfood.com\/#\/schema\/logo\/image\/\"}}]}<\/script>\n<!-- \/ Yoast SEO plugin. -->","yoast_head_json":{"title":"About Us - Atak Pet Food","robots":{"index":"index","follow":"follow","max-snippet":"max-snippet:-1","max-image-preview":"max-image-preview:large","max-video-preview":"max-video-preview:-1"},"canonical":"https:\/\/atakpetfood.com\/tr\/hakkimizda\/","og_locale":"tr_TR","og_type":"article","og_title":"About Us - Atak Pet Food","og_description":"About Us Atak Pet Food is located in Turkey, and we have been in operation for four years. In a short span of time, we have established ourselves as one of the leading wet pet food manufacturers in the region. Our factory is fully automated and equipped with state-of-the-art technology, enabling us to produce pet [&hellip;]","og_url":"https:\/\/atakpetfood.com\/tr\/hakkimizda\/","og_site_name":"Atak Pet Food","article_modified_time":"2023-04-15T12:33:51+00:00","og_image":[{"url":"https:\/\/atakpetfood.com\/wp-content\/uploads\/2023\/04\/About-Us-Home-Page-1.jpg"}],"twitter_card":"summary_large_image","twitter_misc":{"Tahmini okuma s\u00fcresi":"2 dakika"},"schema":{"@context":"https:\/\/schema.org","@graph":[{"@type":"WebPage","@id":"https:\/\/atakpetfood.com\/about-us\/","url":"https:\/\/atakpetfood.com\/about-us\/","name":"About Us - Atak Pet Food","isPartOf":{"@id":"https:\/\/atakpetfood.com\/#website"},"datePublished":"2021-09-30T15:44:04+00:00","dateModified":"2023-04-15T12:33:51+00:00","breadcrumb":{"@id":"https:\/\/atakpetfood.com\/about-us\/#breadcrumb"},"inLanguage":"tr","potentialAction":[{"@type":"ReadAction","target":["https:\/\/atakpetfood.com\/about-us\/"]}]},{"@type":"BreadcrumbList","@id":"https:\/\/atakpetfood.com\/about-us\/#breadcrumb","itemListElement":[{"@type":"ListItem","position":1,"name":"Home","item":"https:\/\/atakpetfood.com\/"},{"@type":"ListItem","position":2,"name":"About Us"}]},{"@type":"WebSite","@id":"https:\/\/atakpetfood.com\/#website","url":"https:\/\/atakpetfood.com\/","name":"Atak Pet Food","description":"Atak Pet Food","publisher":{"@id":"https:\/\/atakpetfood.com\/#organization"},"potentialAction":[{"@type":"SearchAction","target":{"@type":"EntryPoint","urlTemplate":"https:\/\/atakpetfood.com\/?s={search_term_string}"},"query-input":"required name=search_term_string"}],"inLanguage":"tr"},{"@type":"Organization","@id":"https:\/\/atakpetfood.com\/#organization","name":"Atak Pet Food","url":"https:\/\/atakpetfood.com\/","logo":{"@type":"ImageObject","inLanguage":"tr","@id":"https:\/\/atakpetfood.com\/#\/schema\/logo\/image\/","url":"https:\/\/atakpetfood.com\/wp-content\/uploads\/2023\/04\/favicon.fw_.png","contentUrl":"https:\/\/atakpetfood.com\/wp-content\/uploads\/2023\/04\/favicon.fw_.png","width":512,"height":512,"caption":"Atak Pet Food"},"image":{"@id":"https:\/\/atakpetfood.com\/#\/schema\/logo\/image\/"}}]}},"_links":{"self":[{"href":"https:\/\/atakpetfood.com\/tr\/wp-json\/wp\/v2\/pages\/8","targetHints":{"allow":["GET"]}}],"collection":[{"href":"https:\/\/atakpetfood.com\/tr\/wp-json\/wp\/v2\/pages"}],"about":[{"href":"https:\/\/atakpetfood.com\/tr\/wp-json\/wp\/v2\/types\/page"}],"author":[{"embeddable":true,"href":"https:\/\/atakpetfood.com\/tr\/wp-json\/wp\/v2\/users\/1"}],"replies":[{"embeddable":true,"href":"https:\/\/atakpetfood.com\/tr\/wp-json\/wp\/v2\/comments?post=8"}],"version-history":[{"count":3,"href":"https:\/\/atakpetfood.com\/tr\/wp-json\/wp\/v2\/pages\/8\/revisions"}],"predecessor-version":[{"id":2871,"href":"https:\/\/atakpetfood.com\/tr\/wp-json\/wp\/v2\/pages\/8\/revisions\/2871"}],"wp:attachment":[{"href":"https:\/\/atakpetfood.com\/tr\/wp-json\/wp\/v2\/media?parent=8"}],"curies":[{"name":"wp","href":"https:\/\/api.w.org\/{rel}","templated":true}]}}