{"id":3084,"date":"2023-04-17T18:32:46","date_gmt":"2023-04-17T15:32:46","guid":{"rendered":"https:\/\/atakpetfood.com\/?post_type=product&#038;p=3084"},"modified":"2023-05-03T17:58:29","modified_gmt":"2023-05-03T14:58:29","slug":"100g-chunks-in-jelly","status":"publish","type":"product","link":"https:\/\/atakpetfood.com\/tr\/urun\/100-gr-jole-icinde-parcalar\/","title":{"rendered":"J\u00f6le \u0130\u00e7inde Gurme Par\u00e7alar"},"content":{"rendered":"<p>Indulge your pet&#8217;s sophisticated palate with our gourmet chunks in jelly wet pet food, an exquisite dining experience that elevates mealtime. Presented in smaller, elegant cans, these gourmet recipes feature high-quality ingredients and an irresistible taste that even the fussiest pets will savor. Each can is filled with succulent chunks of meat enveloped in a sumptuous, velvety jelly, creating a truly luxurious meal. With our gourmet products, you can spoil your pet with the finest flavors and nutrition they deserve.<\/p>","protected":false},"excerpt":{"rendered":"<p>Indulge your pet&#8217;s sophisticated palate with our gourmet chunks in jelly wet pet food, an exquisite dining experience that elevates mealtime. Presented in smaller, elegant cans, these gourmet recipes feature high-quality ingredients and an irresistible taste that even the fussiest pets will savor. Each can is filled with succulent chunks of meat enveloped in a [&hellip;]<\/p>","protected":false},"featured_media":3093,"template":"","meta":[],"product_cat":[73,52],"product_tag":[],"class_list":["post-3084","product","type-product","status-publish","has-post-thumbnail","hentry","product_cat-alu-trays","product_cat-cat-food","pa_pets-cats","pa_pets-dogs"],"acf":[],"yoast_head":"<!-- This site is optimized with the Yoast SEO plugin v20.8 - https:\/\/yoast.com\/wordpress\/plugins\/seo\/ -->\n<title>Gourmet Chunks In Jelly - Atak Pet Food<\/title>\n<meta name=\"robots\" content=\"index, follow, max-snippet:-1, max-image-preview:large, max-video-preview:-1\" \/>\n<link rel=\"canonical\" href=\"https:\/\/atakpetfood.com\/tr\/urun\/100-gr-jole-icinde-parcalar\/\" \/>\n<meta property=\"og:locale\" content=\"tr_TR\" \/>\n<meta property=\"og:type\" content=\"article\" \/>\n<meta property=\"og:title\" content=\"Gourmet Chunks In Jelly - Atak Pet Food\" \/>\n<meta property=\"og:description\" content=\"Indulge your pet&#8217;s sophisticated palate with our gourmet chunks in jelly wet pet food, an exquisite dining experience that elevates mealtime. Presented in smaller, elegant cans, these gourmet recipes feature high-quality ingredients and an irresistible taste that even the fussiest pets will savor. Each can is filled with succulent chunks of meat enveloped in a [&hellip;]\" \/>\n<meta property=\"og:url\" content=\"https:\/\/atakpetfood.com\/tr\/urun\/100-gr-jole-icinde-parcalar\/\" \/>\n<meta property=\"og:site_name\" content=\"Atak Pet Food\" \/>\n<meta property=\"article:modified_time\" content=\"2023-05-03T14:58:29+00:00\" \/>\n<meta property=\"og:image\" content=\"https:\/\/atakpetfood.com\/wp-content\/uploads\/2023\/04\/100g-gurme-your-brand.png\" \/>\n\t<meta property=\"og:image:width\" content=\"1080\" \/>\n\t<meta property=\"og:image:height\" content=\"1080\" \/>\n\t<meta property=\"og:image:type\" content=\"image\/png\" \/>\n<meta name=\"twitter:card\" content=\"summary_large_image\" \/>\n<meta name=\"twitter:label1\" content=\"Tahmini okuma s\u00fcresi\" \/>\n\t<meta name=\"twitter:data1\" content=\"1 dakika\" \/>\n<script type=\"application\/ld+json\" class=\"yoast-schema-graph\">{\"@context\":\"https:\/\/schema.org\",\"@graph\":[{\"@type\":\"WebPage\",\"@id\":\"https:\/\/atakpetfood.com\/product\/100g-chunks-in-jelly\/\",\"url\":\"https:\/\/atakpetfood.com\/product\/100g-chunks-in-jelly\/\",\"name\":\"Gourmet Chunks In Jelly - Atak Pet Food\",\"isPartOf\":{\"@id\":\"https:\/\/atakpetfood.com\/#website\"},\"datePublished\":\"2023-04-17T15:32:46+00:00\",\"dateModified\":\"2023-05-03T14:58:29+00:00\",\"breadcrumb\":{\"@id\":\"https:\/\/atakpetfood.com\/product\/100g-chunks-in-jelly\/#breadcrumb\"},\"inLanguage\":\"tr\",\"potentialAction\":[{\"@type\":\"ReadAction\",\"target\":[\"https:\/\/atakpetfood.com\/product\/100g-chunks-in-jelly\/\"]}]},{\"@type\":\"BreadcrumbList\",\"@id\":\"https:\/\/atakpetfood.com\/product\/100g-chunks-in-jelly\/#breadcrumb\",\"itemListElement\":[{\"@type\":\"ListItem\",\"position\":1,\"name\":\"Home\",\"item\":\"https:\/\/atakpetfood.com\/\"},{\"@type\":\"ListItem\",\"position\":2,\"name\":\"Products\",\"item\":\"https:\/\/atakpetfood.com\/tr\/urunler\/\"},{\"@type\":\"ListItem\",\"position\":3,\"name\":\"Gourmet Chunks In Jelly\"}]},{\"@type\":\"WebSite\",\"@id\":\"https:\/\/atakpetfood.com\/#website\",\"url\":\"https:\/\/atakpetfood.com\/\",\"name\":\"Atak Pet Food\",\"description\":\"Atak Pet Food\",\"publisher\":{\"@id\":\"https:\/\/atakpetfood.com\/#organization\"},\"potentialAction\":[{\"@type\":\"SearchAction\",\"target\":{\"@type\":\"EntryPoint\",\"urlTemplate\":\"https:\/\/atakpetfood.com\/?s={search_term_string}\"},\"query-input\":\"required name=search_term_string\"}],\"inLanguage\":\"tr\"},{\"@type\":\"Organization\",\"@id\":\"https:\/\/atakpetfood.com\/#organization\",\"name\":\"Atak Pet Food\",\"url\":\"https:\/\/atakpetfood.com\/\",\"logo\":{\"@type\":\"ImageObject\",\"inLanguage\":\"tr\",\"@id\":\"https:\/\/atakpetfood.com\/#\/schema\/logo\/image\/\",\"url\":\"https:\/\/atakpetfood.com\/wp-content\/uploads\/2023\/04\/favicon.fw_.png\",\"contentUrl\":\"https:\/\/atakpetfood.com\/wp-content\/uploads\/2023\/04\/favicon.fw_.png\",\"width\":512,\"height\":512,\"caption\":\"Atak Pet Food\"},\"image\":{\"@id\":\"https:\/\/atakpetfood.com\/#\/schema\/logo\/image\/\"}}]}<\/script>\n<!-- \/ Yoast SEO plugin. -->","yoast_head_json":{"title":"Gourmet Chunks In Jelly - Atak Pet Food","robots":{"index":"index","follow":"follow","max-snippet":"max-snippet:-1","max-image-preview":"max-image-preview:large","max-video-preview":"max-video-preview:-1"},"canonical":"https:\/\/atakpetfood.com\/tr\/urun\/100-gr-jole-icinde-parcalar\/","og_locale":"tr_TR","og_type":"article","og_title":"Gourmet Chunks In Jelly - Atak Pet Food","og_description":"Indulge your pet&#8217;s sophisticated palate with our gourmet chunks in jelly wet pet food, an exquisite dining experience that elevates mealtime. Presented in smaller, elegant cans, these gourmet recipes feature high-quality ingredients and an irresistible taste that even the fussiest pets will savor. Each can is filled with succulent chunks of meat enveloped in a [&hellip;]","og_url":"https:\/\/atakpetfood.com\/tr\/urun\/100-gr-jole-icinde-parcalar\/","og_site_name":"Atak Pet Food","article_modified_time":"2023-05-03T14:58:29+00:00","og_image":[{"width":1080,"height":1080,"url":"https:\/\/atakpetfood.com\/wp-content\/uploads\/2023\/04\/100g-gurme-your-brand.png","type":"image\/png"}],"twitter_card":"summary_large_image","twitter_misc":{"Tahmini okuma s\u00fcresi":"1 dakika"},"schema":{"@context":"https:\/\/schema.org","@graph":[{"@type":"WebPage","@id":"https:\/\/atakpetfood.com\/product\/100g-chunks-in-jelly\/","url":"https:\/\/atakpetfood.com\/product\/100g-chunks-in-jelly\/","name":"Gourmet Chunks In Jelly - Atak Pet Food","isPartOf":{"@id":"https:\/\/atakpetfood.com\/#website"},"datePublished":"2023-04-17T15:32:46+00:00","dateModified":"2023-05-03T14:58:29+00:00","breadcrumb":{"@id":"https:\/\/atakpetfood.com\/product\/100g-chunks-in-jelly\/#breadcrumb"},"inLanguage":"tr","potentialAction":[{"@type":"ReadAction","target":["https:\/\/atakpetfood.com\/product\/100g-chunks-in-jelly\/"]}]},{"@type":"BreadcrumbList","@id":"https:\/\/atakpetfood.com\/product\/100g-chunks-in-jelly\/#breadcrumb","itemListElement":[{"@type":"ListItem","position":1,"name":"Home","item":"https:\/\/atakpetfood.com\/"},{"@type":"ListItem","position":2,"name":"Products","item":"https:\/\/atakpetfood.com\/tr\/urunler\/"},{"@type":"ListItem","position":3,"name":"Gourmet Chunks In Jelly"}]},{"@type":"WebSite","@id":"https:\/\/atakpetfood.com\/#website","url":"https:\/\/atakpetfood.com\/","name":"Atak Pet Food","description":"Atak Pet Food","publisher":{"@id":"https:\/\/atakpetfood.com\/#organization"},"potentialAction":[{"@type":"SearchAction","target":{"@type":"EntryPoint","urlTemplate":"https:\/\/atakpetfood.com\/?s={search_term_string}"},"query-input":"required name=search_term_string"}],"inLanguage":"tr"},{"@type":"Organization","@id":"https:\/\/atakpetfood.com\/#organization","name":"Atak Pet Food","url":"https:\/\/atakpetfood.com\/","logo":{"@type":"ImageObject","inLanguage":"tr","@id":"https:\/\/atakpetfood.com\/#\/schema\/logo\/image\/","url":"https:\/\/atakpetfood.com\/wp-content\/uploads\/2023\/04\/favicon.fw_.png","contentUrl":"https:\/\/atakpetfood.com\/wp-content\/uploads\/2023\/04\/favicon.fw_.png","width":512,"height":512,"caption":"Atak Pet Food"},"image":{"@id":"https:\/\/atakpetfood.com\/#\/schema\/logo\/image\/"}}]}},"_links":{"self":[{"href":"https:\/\/atakpetfood.com\/tr\/wp-json\/wp\/v2\/product\/3084","targetHints":{"allow":["GET"]}}],"collection":[{"href":"https:\/\/atakpetfood.com\/tr\/wp-json\/wp\/v2\/product"}],"about":[{"href":"https:\/\/atakpetfood.com\/tr\/wp-json\/wp\/v2\/types\/product"}],"wp:featuredmedia":[{"embeddable":true,"href":"https:\/\/atakpetfood.com\/tr\/wp-json\/wp\/v2\/media\/3093"}],"wp:attachment":[{"href":"https:\/\/atakpetfood.com\/tr\/wp-json\/wp\/v2\/media?parent=3084"}],"wp:term":[{"taxonomy":"product_cat","embeddable":true,"href":"https:\/\/atakpetfood.com\/tr\/wp-json\/wp\/v2\/product_cat?post=3084"},{"taxonomy":"product_tag","embeddable":true,"href":"https:\/\/atakpetfood.com\/tr\/wp-json\/wp\/v2\/product_tag?post=3084"}],"curies":[{"name":"wp","href":"https:\/\/api.w.org\/{rel}","templated":true}]}}